{"id":988231,"date":"2022-12-13T11:20:12","date_gmt":"2022-12-13T09:20:12","guid":{"rendered":"https:\/\/primatech.ro\/?page_id=988231"},"modified":"2025-11-11T13:57:19","modified_gmt":"2025-11-11T11:57:19","slug":"electrovalve-de-alama","status":"publish","type":"page","link":"https:\/\/primatech.ro\/?page_id=988231","title":{"rendered":"Electrovalve de alam\u0103"},"content":{"rendered":"<div class=\"vgblk-rw-wrapper limit-wrapper\">\n<h4>\n\t\tElectrovalve de siguran\u0163\u0103 pentru gaz\n\t<\/h4>\n<h5>\n\t\tRearmare manual\u0103 &#8211; Normal deschis\u0103\n\t<\/h5>\n\t\t\tInforma\u021bii generale\t\t\n\t\t\tSpecifica\u021bii\t\t\n\t\t\tFis\u0103 tehnic\u0103\t\t\n\t\t\t\t<p>Electrovalva EVRM &#8211; NA\/6NA este o valv\u0103 de protec\u0163ie \u00een starea normal deschis cu rearmare manual\u0103. Func\u0163ia de \u00eenchidere este activat\u0103 electric. Conectat\u0103 cu unul sau mai multe detectoare de gaz metan, termostate de siguran\u0163\u0103 sau detectoare de monoxid de carbon, electrovalva poate \u00eenchide debitul de gaz.Electrovalvele sunt construite din alam\u0103 presat\u0103 la cald pentru versiunile OT, cu o gam\u0103 larg\u0103 de conexiuni intrare\/ie\u015fire de la DN10 (3\/8&#8243;) la DN 25 (1&#8243;).<img loading=\"lazy\" decoding=\"async\" src=\"https:\/\/primatech.ro\/wp-content\/uploads\/2022\/12\/dim-elv-ot.jpg\" alt=\"\" width=\"335\" height=\"192\" \/>Garniturile sunt f\u0103cute din cauciuc pe baz\u0103 de NBR certificat pentru utilizare cu gaz (EN549).Dou\u0103 game de presiuni de lucru: presiune joas\u0103 (0 &#8211; 600 mbar) \u015fi presiune medie (0 &#8211; 6 bar);In stare normal\u0103 de func\u0163ionare electrovalva nu este alimentat\u0103 rezult\u00e2nd o func\u0163ionare economic\u0103;Bobinele sunt prev\u0103zute cu conector ISO 4400 \u015fi cu garnituri de etan\u015fare a cablurilor pentru a se evita p\u0103trunderea apei \u015fi a impurit\u0103\u0163ilor, permi\u0163\u00e2nd astfel instalarea sigur\u0103 \u00een afara cl\u0103dirilor;Toate componentele sunt concepute pentru a rezista la orice condi\u0163ii mecanice, chimice \u015fi termice care pot ap\u0103rea \u00een timpul fun\u0163ion\u0103rii tipice. Impregnarea eficient\u0103 \u015fi tratamente de suprafa\u0163\u0103 au fost utilizate pentru a \u00eembun\u0103t\u0103\u0163i robuste\u0163ea mecanic\u0103, sistemul de \u00eenchidere \u015fi rezisten\u0163a la coroziune a componentelor.Electrovalvele sunt testate 100% pe standuri de testare computerizate, si sunt deplin garantate.<\/p>\t\t\t\n\t\t\t\t<p><strong>Conexiuni: <\/strong>Conexiune cu filet interior ISO 7-1 de la Rp3\/8 la G1;<strong>Tensiune de alimentare:<\/strong> 230 VAC 50\/60 Hz;<strong>Varia\u0163ia tensiunii de alimentare:<\/strong> -15% p\u00e2n\u0103 la +10%;<strong>Temperatur\u0103 ambiental\u0103\/ Temperatur\u0103 de mediu:<\/strong> -20\u00b0C p\u00e2n\u0103 la +60\u00b0C;<strong>Presiunea maxim\u0103 de lucru:<\/strong> 600 mbar (9 psig); 6 bar * (90 psig);<strong>Presiune de test a corpului:<\/strong> 1 bar (15 psig); 9 bar * (130 psig);<strong>Timp de \u00eenchidere:<\/strong> &lt; 1 secund\u0103;<strong>Carcas\u0103:<\/strong> IP54 (NEMA 3) (IP65 op\u021bional NEMA 4);<strong>Izola\u0163ie cablu:<\/strong> PG 9;<strong>Sec\u021biune cablu:<\/strong> 1,5 mm2 max. (AWG 14);<strong>Electrosecuritate:<\/strong> Class I (EN 60335-1);<strong>Izola\u0163ia \u00eenf\u0103\u015fur\u0103rii bobinei:<\/strong> Class H (200\u00b0C, 392\u00b0F);<strong>Rezisten\u0163a termic\u0103 a bobinei:<\/strong> Class F (155\u00b0C, 311\u00b0F);<strong>Marca:<\/strong> ELEKTROGAS<strong>Produc\u0103tor:<\/strong> Elettromeccanica Delta<strong>\u021aar\u0103 de origine:<\/strong> Italia<\/p><h4><strong>Primatech de\u021bine exclusivitate \u00een Rom\u00e2nia pentru aceste produse.<\/strong><\/h4>\t\t\t\n\t\t\t\t\t\t<style>\r\n            #h5vp69f3d0c83d519 iframe {  width: 100%; }        <\/style>\r\n        \t    <div id=\"h5vp69f3d0c83d519\" class=\"pdfp_wrapper\">\r\n                        <div class=\"cta_wrapper\">\r\n                \t            <p><a class=\"fullscreenBtn\" href=\"https:\/\/primatech.ro\/wp-content\/plugins\/pdf-poster\/pdfjs\/web\/viewer.html?file=https:\/\/primatech.ro\/wp-content\/uploads\/2022\/12\/EVRM-NA_ro.pdf&#038;download=true&#038;print=vera&#038;openfile=false\"><button>View Fullscreen<\/button><\/a><\/p>\r\n            <\/div>\r\n            <div class=\"iframe_wrapper\">\r\n                <iframe loading=\"lazy\" width=\"100%\" height=\"842px\" src=\"https:\/\/primatech.ro\/wp-content\/plugins\/pdf-poster\/pdfjs\/web\/viewer.html?file=https:\/\/primatech.ro\/wp-content\/uploads\/2022\/12\/EVRM-NA_ro.pdf&#038;download=true&#038;print=vera&#038;openfile=false\"><\/iframe>\r\n            <\/div>\r\n\t    <\/div>\r\n        \t\t\t\n\n<\/div><!-- .vgblk-rw-wrapper -->","protected":false},"excerpt":{"rendered":"<p>Electrovalve de siguran\u0163\u0103 pentru gaz Rearmare manual\u0103 &#8211; Normal deschis\u0103 Informa\u021bii generale Specifica\u021bii Fis\u0103 tehnic\u0103 Electrovalva EVRM &#8211; NA\/6NA este o valv\u0103 de protec\u0163ie \u00een starea normal deschis cu rearmare&#8230;<\/p>\n","protected":false},"author":1,"featured_media":0,"parent":0,"menu_order":0,"comment_status":"closed","ping_status":"closed","template":"","meta":{"inline_featured_image":false,"footnotes":""},"yoast_head":"<!-- This site is optimized with the Yoast SEO plugin v22.1 - https:\/\/yoast.com\/wordpress\/plugins\/seo\/ -->\n<title>Electrovalve de alam\u0103 - Primatech<\/title>\n<meta name=\"robots\" content=\"index, follow, max-snippet:-1, max-image-preview:large, max-video-preview:-1\" \/>\n<link rel=\"canonical\" href=\"https:\/\/primatech.ro\/?page_id=988231\" \/>\n<meta property=\"og:locale\" content=\"ro_RO\" \/>\n<meta property=\"og:type\" content=\"article\" \/>\n<meta property=\"og:title\" content=\"Electrovalve de alam\u0103 - Primatech\" \/>\n<meta property=\"og:description\" content=\"Electrovalve de siguran\u0163\u0103 pentru gaz Rearmare manual\u0103 &#8211; Normal deschis\u0103 Informa\u021bii generale Specifica\u021bii Fis\u0103 tehnic\u0103 Electrovalva EVRM &#8211; NA\/6NA este o valv\u0103 de protec\u0163ie \u00een starea normal deschis cu rearmare...\" \/>\n<meta property=\"og:url\" content=\"https:\/\/primatech.ro\/?page_id=988231\" \/>\n<meta property=\"og:site_name\" content=\"Primatech\" \/>\n<meta property=\"article:modified_time\" content=\"2025-11-11T11:57:19+00:00\" \/>\n<meta property=\"og:image\" content=\"https:\/\/primatech.ro\/wp-content\/uploads\/2022\/12\/dim-elv-ot.jpg\" \/>\n<meta name=\"twitter:card\" content=\"summary_large_image\" \/>\n<meta name=\"twitter:label1\" content=\"Timp estimat pentru citire\" \/>\n\t<meta name=\"twitter:data1\" content=\"3 minute\" \/>\n<script type=\"application\/ld+json\" class=\"yoast-schema-graph\">{\"@context\":\"https:\/\/schema.org\",\"@graph\":[{\"@type\":\"WebPage\",\"@id\":\"https:\/\/primatech.ro\/?page_id=988231\",\"url\":\"https:\/\/primatech.ro\/?page_id=988231\",\"name\":\"Electrovalve de alam\u0103 - Primatech\",\"isPartOf\":{\"@id\":\"https:\/\/primatech.ro\/#website\"},\"datePublished\":\"2022-12-13T09:20:12+00:00\",\"dateModified\":\"2025-11-11T11:57:19+00:00\",\"breadcrumb\":{\"@id\":\"https:\/\/primatech.ro\/?page_id=988231#breadcrumb\"},\"inLanguage\":\"ro-RO\",\"potentialAction\":[{\"@type\":\"ReadAction\",\"target\":[\"https:\/\/primatech.ro\/?page_id=988231\"]}]},{\"@type\":\"BreadcrumbList\",\"@id\":\"https:\/\/primatech.ro\/?page_id=988231#breadcrumb\",\"itemListElement\":[{\"@type\":\"ListItem\",\"position\":1,\"name\":\"Home\",\"item\":\"https:\/\/primatech.ro\/\"},{\"@type\":\"ListItem\",\"position\":2,\"name\":\"Electrovalve de alam\u0103\"}]},{\"@type\":\"WebSite\",\"@id\":\"https:\/\/primatech.ro\/#website\",\"url\":\"https:\/\/primatech.ro\/\",\"name\":\"Primatech\",\"description\":\"\",\"publisher\":{\"@id\":\"https:\/\/primatech.ro\/#organization\"},\"potentialAction\":[{\"@type\":\"SearchAction\",\"target\":{\"@type\":\"EntryPoint\",\"urlTemplate\":\"https:\/\/primatech.ro\/?s={search_term_string}\"},\"query-input\":\"required name=search_term_string\"}],\"inLanguage\":\"ro-RO\"},{\"@type\":\"Organization\",\"@id\":\"https:\/\/primatech.ro\/#organization\",\"name\":\"Primatech\",\"url\":\"https:\/\/primatech.ro\/\",\"logo\":{\"@type\":\"ImageObject\",\"inLanguage\":\"ro-RO\",\"@id\":\"https:\/\/primatech.ro\/#\/schema\/logo\/image\/\",\"url\":\"https:\/\/primatech.ro\/wp-content\/uploads\/2022\/10\/cropped-logo-1.png\",\"contentUrl\":\"https:\/\/primatech.ro\/wp-content\/uploads\/2022\/10\/cropped-logo-1.png\",\"width\":504,\"height\":125,\"caption\":\"Primatech\"},\"image\":{\"@id\":\"https:\/\/primatech.ro\/#\/schema\/logo\/image\/\"}}]}<\/script>\n<!-- \/ Yoast SEO plugin. -->","yoast_head_json":{"title":"Electrovalve de alam\u0103 - Primatech","robots":{"index":"index","follow":"follow","max-snippet":"max-snippet:-1","max-image-preview":"max-image-preview:large","max-video-preview":"max-video-preview:-1"},"canonical":"https:\/\/primatech.ro\/?page_id=988231","og_locale":"ro_RO","og_type":"article","og_title":"Electrovalve de alam\u0103 - Primatech","og_description":"Electrovalve de siguran\u0163\u0103 pentru gaz Rearmare manual\u0103 &#8211; Normal deschis\u0103 Informa\u021bii generale Specifica\u021bii Fis\u0103 tehnic\u0103 Electrovalva EVRM &#8211; NA\/6NA este o valv\u0103 de protec\u0163ie \u00een starea normal deschis cu rearmare...","og_url":"https:\/\/primatech.ro\/?page_id=988231","og_site_name":"Primatech","article_modified_time":"2025-11-11T11:57:19+00:00","og_image":[{"url":"https:\/\/primatech.ro\/wp-content\/uploads\/2022\/12\/dim-elv-ot.jpg"}],"twitter_card":"summary_large_image","twitter_misc":{"Timp estimat pentru citire":"3 minute"},"schema":{"@context":"https:\/\/schema.org","@graph":[{"@type":"WebPage","@id":"https:\/\/primatech.ro\/?page_id=988231","url":"https:\/\/primatech.ro\/?page_id=988231","name":"Electrovalve de alam\u0103 - Primatech","isPartOf":{"@id":"https:\/\/primatech.ro\/#website"},"datePublished":"2022-12-13T09:20:12+00:00","dateModified":"2025-11-11T11:57:19+00:00","breadcrumb":{"@id":"https:\/\/primatech.ro\/?page_id=988231#breadcrumb"},"inLanguage":"ro-RO","potentialAction":[{"@type":"ReadAction","target":["https:\/\/primatech.ro\/?page_id=988231"]}]},{"@type":"BreadcrumbList","@id":"https:\/\/primatech.ro\/?page_id=988231#breadcrumb","itemListElement":[{"@type":"ListItem","position":1,"name":"Home","item":"https:\/\/primatech.ro\/"},{"@type":"ListItem","position":2,"name":"Electrovalve de alam\u0103"}]},{"@type":"WebSite","@id":"https:\/\/primatech.ro\/#website","url":"https:\/\/primatech.ro\/","name":"Primatech","description":"","publisher":{"@id":"https:\/\/primatech.ro\/#organization"},"potentialAction":[{"@type":"SearchAction","target":{"@type":"EntryPoint","urlTemplate":"https:\/\/primatech.ro\/?s={search_term_string}"},"query-input":"required name=search_term_string"}],"inLanguage":"ro-RO"},{"@type":"Organization","@id":"https:\/\/primatech.ro\/#organization","name":"Primatech","url":"https:\/\/primatech.ro\/","logo":{"@type":"ImageObject","inLanguage":"ro-RO","@id":"https:\/\/primatech.ro\/#\/schema\/logo\/image\/","url":"https:\/\/primatech.ro\/wp-content\/uploads\/2022\/10\/cropped-logo-1.png","contentUrl":"https:\/\/primatech.ro\/wp-content\/uploads\/2022\/10\/cropped-logo-1.png","width":504,"height":125,"caption":"Primatech"},"image":{"@id":"https:\/\/primatech.ro\/#\/schema\/logo\/image\/"}}]}},"jetpack_sharing_enabled":true,"_links":{"self":[{"href":"https:\/\/primatech.ro\/index.php?rest_route=\/wp\/v2\/pages\/988231"}],"collection":[{"href":"https:\/\/primatech.ro\/index.php?rest_route=\/wp\/v2\/pages"}],"about":[{"href":"https:\/\/primatech.ro\/index.php?rest_route=\/wp\/v2\/types\/page"}],"author":[{"embeddable":true,"href":"https:\/\/primatech.ro\/index.php?rest_route=\/wp\/v2\/users\/1"}],"replies":[{"embeddable":true,"href":"https:\/\/primatech.ro\/index.php?rest_route=%2Fwp%2Fv2%2Fcomments&post=988231"}],"version-history":[{"count":21,"href":"https:\/\/primatech.ro\/index.php?rest_route=\/wp\/v2\/pages\/988231\/revisions"}],"predecessor-version":[{"id":988834,"href":"https:\/\/primatech.ro\/index.php?rest_route=\/wp\/v2\/pages\/988231\/revisions\/988834"}],"wp:attachment":[{"href":"https:\/\/primatech.ro\/index.php?rest_route=%2Fwp%2Fv2%2Fmedia&parent=988231"}],"curies":[{"name":"wp","href":"https:\/\/api.w.org\/{rel}","templated":true}]}}