{"id":988005,"date":"2022-11-09T11:17:45","date_gmt":"2022-11-09T09:17:45","guid":{"rendered":"https:\/\/primatech.ro\/?page_id=988005"},"modified":"2022-11-09T13:31:31","modified_gmt":"2022-11-09T11:31:31","slug":"reclamatii","status":"publish","type":"page","link":"https:\/\/primatech.ro\/?page_id=988005","title":{"rendered":"Reclama\u021bii"},"content":{"rendered":"<div class=\"vgblk-rw-wrapper limit-wrapper\">\n\n\t<p>Pentru orice sesizare sau reclama\u021bie v\u0103 rug\u0103m s\u0103 ne contacta\u021bi la num\u0103rul de telefon +40720 150 194, sau prin intermediul adresei de e-mail info@primatech.ro.<\/p>\n\u00cen cel mai scurt timp operatorii no\u0219tri vor lua leg\u0103tura cu dumneavoastr\u0103 pentru a v\u0103 solu\u021biona problema.<br \/>\n\n<p>V\u0103 rug\u0103m s\u0103 completa\u021bi formularul de mai jos \u0219i v\u0103 vom contacta \u00een cel mai scurt timp..<\/p>\n\t<table>\n<tbody>\n<tr>\n<td><noscript class=\"ninja-forms-noscript-message\">\n    Notice: JavaScript is required for this content.<\/noscript><div id=\"nf-form-22-cont\" class=\"nf-form-cont\" aria-live=\"polite\" aria-labelledby=\"nf-form-title-22\" aria-describedby=\"nf-form-errors-22\" role=\"form\">\n\n    <div class=\"nf-loading-spinner\"><\/div>\n\n<\/div>\n        <!-- TODO: Move to Template File. -->\n        <script>var formDisplay=1;var nfForms=nfForms||[];var form=[];form.id='22';form.settings={\"objectType\":\"Form Setting\",\"editActive\":true,\"title\":\"Reclama\\u021bii\",\"show_title\":1,\"allow_public_link\":0,\"embed_form\":\"\",\"clear_complete\":1,\"hide_complete\":1,\"default_label_pos\":\"above\",\"wrapper_class\":\"\",\"element_class\":\"\",\"key\":\"\",\"add_submit\":0,\"changeEmailErrorMsg\":\"Please enter a valid email address!\",\"changeDateErrorMsg\":\"Please enter a valid date!\",\"confirmFieldErrorMsg\":\"These fields must match!\",\"fieldNumberNumMinError\":\"Number Min Error\",\"fieldNumberNumMaxError\":\"Number Max Error\",\"fieldNumberIncrementBy\":\"Please increment by \",\"formErrorsCorrectErrors\":\"Please correct errors before submitting this form.\",\"validateRequiredField\":\"This is a required field.\",\"honeypotHoneypotError\":\"Honeypot Error\",\"fieldsMarkedRequired\":\"Fields marked with an <span class=\\\"ninja-forms-req-symbol\\\">*<\\\/span> are required\",\"currency\":\"\",\"unique_field_error\":\"A form with this value has already been submitted.\",\"logged_in\":false,\"not_logged_in_msg\":\"\",\"sub_limit_msg\":\"The form has reached its submission limit.\",\"calculations\":[],\"formContentData\":[\"nume_1667993167908\",\"prenume_1667993179941\",\"email_1667993151836\",\"telefon_1667993204496\",\"mesaj_1667993233167\",\"trimite_1667993255485\"],\"drawerDisabled\":false,\"ninjaForms\":\"Ninja Forms\",\"fieldTextareaRTEInsertLink\":\"Insert Link\",\"fieldTextareaRTEInsertMedia\":\"Insert Media\",\"fieldTextareaRTESelectAFile\":\"Select a file\",\"formHoneypot\":\"If you are a human seeing this field, please leave it empty.\",\"fileUploadOldCodeFileUploadInProgress\":\"File Upload in Progress.\",\"fileUploadOldCodeFileUpload\":\"FILE UPLOAD\",\"currencySymbol\":false,\"thousands_sep\":\".\",\"decimal_point\":\",\",\"siteLocale\":\"ro_RO\",\"dateFormat\":\"m\\\/d\\\/Y\",\"startOfWeek\":\"1\",\"of\":\"of\",\"previousMonth\":\"Previous Month\",\"nextMonth\":\"Next Month\",\"months\":[\"January\",\"February\",\"March\",\"April\",\"May\",\"June\",\"July\",\"August\",\"September\",\"October\",\"November\",\"December\"],\"monthsShort\":[\"Jan\",\"Feb\",\"Mar\",\"Apr\",\"May\",\"Jun\",\"Jul\",\"Aug\",\"Sep\",\"Oct\",\"Nov\",\"Dec\"],\"weekdays\":[\"Sunday\",\"Monday\",\"Tuesday\",\"Wednesday\",\"Thursday\",\"Friday\",\"Saturday\"],\"weekdaysShort\":[\"Sun\",\"Mon\",\"Tue\",\"Wed\",\"Thu\",\"Fri\",\"Sat\"],\"weekdaysMin\":[\"Su\",\"Mo\",\"Tu\",\"We\",\"Th\",\"Fr\",\"Sa\"],\"recaptchaConsentMissing\":\"reCapctha validation couldn&#039;t load.\",\"recaptchaMissingCookie\":\"reCaptcha v3 validation couldn&#039;t load the cookie needed to submit the form.\",\"recaptchaConsentEvent\":\"Accept reCaptcha cookies before sending the form.\",\"currency_symbol\":\"\",\"beforeForm\":\"\",\"beforeFields\":\"\",\"afterFields\":\"\",\"afterForm\":\"\"};form.fields=[{\"objectType\":\"Field\",\"objectDomain\":\"fields\",\"editActive\":false,\"order\":1,\"idAttribute\":\"id\",\"type\":\"firstname\",\"label\":\"Nume\",\"key\":\"nume_1667993167908\",\"label_pos\":\"above\",\"required\":1,\"default\":\"\",\"placeholder\":\"Nume:\",\"container_class\":\"\",\"element_class\":\"\",\"admin_label\":\"\",\"help_text\":\"\",\"custom_name_attribute\":\"fname\",\"personally_identifiable\":1,\"value\":\"\",\"drawerDisabled\":false,\"id\":64,\"beforeField\":\"\",\"afterField\":\"\",\"parentType\":\"firstname\",\"element_templates\":[\"firstname\",\"input\"],\"old_classname\":\"\",\"wrap_template\":\"wrap\"},{\"objectType\":\"Field\",\"objectDomain\":\"fields\",\"editActive\":false,\"order\":2,\"idAttribute\":\"id\",\"type\":\"lastname\",\"label\":\"Prenume\",\"key\":\"prenume_1667993179941\",\"label_pos\":\"above\",\"required\":1,\"default\":\"\",\"placeholder\":\"Prenume:\",\"container_class\":\"\",\"element_class\":\"\",\"admin_label\":\"\",\"help_text\":\"\",\"custom_name_attribute\":\"lname\",\"personally_identifiable\":1,\"value\":\"\",\"drawerDisabled\":false,\"id\":65,\"beforeField\":\"\",\"afterField\":\"\",\"parentType\":\"lastname\",\"element_templates\":[\"lastname\",\"input\"],\"old_classname\":\"\",\"wrap_template\":\"wrap\"},{\"objectType\":\"Field\",\"objectDomain\":\"fields\",\"editActive\":false,\"order\":3,\"idAttribute\":\"id\",\"type\":\"email\",\"label\":\"Email\",\"key\":\"email_1667993151836\",\"label_pos\":\"above\",\"required\":1,\"default\":\"\",\"placeholder\":\"Email:\",\"container_class\":\"\",\"element_class\":\"\",\"admin_label\":\"\",\"help_text\":\"\",\"custom_name_attribute\":\"email\",\"personally_identifiable\":1,\"value\":\"\",\"drawerDisabled\":false,\"id\":66,\"beforeField\":\"\",\"afterField\":\"\",\"parentType\":\"email\",\"element_templates\":[\"email\",\"input\"],\"old_classname\":\"\",\"wrap_template\":\"wrap\"},{\"objectType\":\"Field\",\"objectDomain\":\"fields\",\"editActive\":false,\"order\":4,\"idAttribute\":\"id\",\"type\":\"phone\",\"label\":\"Telefon\",\"key\":\"telefon_1667993204496\",\"label_pos\":\"above\",\"required\":1,\"default\":\"\",\"placeholder\":\"Telefon:\",\"container_class\":\"\",\"element_class\":\"\",\"input_limit\":\"\",\"input_limit_type\":\"characters\",\"input_limit_msg\":\"Character(s) left\",\"manual_key\":false,\"admin_label\":\"\",\"help_text\":\"\",\"mask\":\"\",\"custom_mask\":\"\",\"custom_name_attribute\":\"phone\",\"personally_identifiable\":1,\"value\":\"\",\"drawerDisabled\":false,\"id\":67,\"beforeField\":\"\",\"afterField\":\"\",\"parentType\":\"textbox\",\"element_templates\":[\"tel\",\"textbox\",\"input\"],\"old_classname\":\"\",\"wrap_template\":\"wrap\"},{\"objectType\":\"Field\",\"objectDomain\":\"fields\",\"editActive\":false,\"order\":5,\"idAttribute\":\"id\",\"label\":\"Mesaj\",\"type\":\"textarea\",\"key\":\"mesaj_1667993233167\",\"label_pos\":\"above\",\"required\":1,\"default\":\"\",\"placeholder\":\"Mesaj:\",\"container_class\":\"\",\"element_class\":\"\",\"input_limit\":\"\",\"input_limit_type\":\"characters\",\"input_limit_msg\":\"Character(s) left\",\"manual_key\":false,\"admin_label\":\"\",\"help_text\":\"\",\"textarea_rte\":\"\",\"disable_rte_mobile\":\"\",\"textarea_media\":\"\",\"value\":\"\",\"drawerDisabled\":false,\"id\":68,\"beforeField\":\"\",\"afterField\":\"\",\"parentType\":\"textarea\",\"element_templates\":[\"textarea\",\"input\"],\"old_classname\":\"\",\"wrap_template\":\"wrap\"},{\"objectType\":\"Field\",\"objectDomain\":\"fields\",\"editActive\":false,\"order\":999,\"idAttribute\":\"id\",\"type\":\"submit\",\"label\":\"Trimite\",\"processing_label\":\"Se trimite...\",\"container_class\":\"\",\"element_class\":\"\",\"key\":\"trimite_1667993255485\",\"drawerDisabled\":false,\"id\":69,\"beforeField\":\"\",\"afterField\":\"\",\"value\":\"\",\"label_pos\":\"above\",\"parentType\":\"textbox\",\"element_templates\":[\"submit\",\"button\",\"input\"],\"old_classname\":\"\",\"wrap_template\":\"wrap-no-label\"}];nfForms.push(form);<\/script>\n        <\/td>\n<\/tr>\n<\/tbody>\n<\/table>\n\n<\/div><!-- .vgblk-rw-wrapper -->","protected":false},"excerpt":{"rendered":"<p>Pentru orice sesizare sau reclama\u021bie v\u0103 rug\u0103m s\u0103 ne contacta\u021bi la num\u0103rul de telefon +40720 150 194, sau prin intermediul adresei de e-mail info@primatech.ro. \u00cen cel mai scurt timp operatorii&#8230;<\/p>\n","protected":false},"author":1,"featured_media":0,"parent":0,"menu_order":0,"comment_status":"closed","ping_status":"closed","template":"","meta":{"inline_featured_image":false,"footnotes":""},"yoast_head":"<!-- This site is optimized with the Yoast SEO plugin v22.1 - https:\/\/yoast.com\/wordpress\/plugins\/seo\/ -->\n<title>Reclama\u021bii - Primatech<\/title>\n<meta name=\"robots\" content=\"index, follow, max-snippet:-1, max-image-preview:large, max-video-preview:-1\" \/>\n<link rel=\"canonical\" href=\"https:\/\/primatech.ro\/?page_id=988005\" \/>\n<meta property=\"og:locale\" content=\"ro_RO\" \/>\n<meta property=\"og:type\" content=\"article\" \/>\n<meta property=\"og:title\" content=\"Reclama\u021bii - Primatech\" \/>\n<meta property=\"og:description\" content=\"Pentru orice sesizare sau reclama\u021bie v\u0103 rug\u0103m s\u0103 ne contacta\u021bi la num\u0103rul de telefon +40720 150 194, sau prin intermediul adresei de e-mail info@primatech.ro. \u00cen cel mai scurt timp operatorii...\" \/>\n<meta property=\"og:url\" content=\"https:\/\/primatech.ro\/?page_id=988005\" \/>\n<meta property=\"og:site_name\" content=\"Primatech\" \/>\n<meta property=\"article:modified_time\" content=\"2022-11-09T11:31:31+00:00\" \/>\n<meta name=\"twitter:card\" content=\"summary_large_image\" \/>\n<script type=\"application\/ld+json\" class=\"yoast-schema-graph\">{\"@context\":\"https:\/\/schema.org\",\"@graph\":[{\"@type\":\"WebPage\",\"@id\":\"https:\/\/primatech.ro\/?page_id=988005\",\"url\":\"https:\/\/primatech.ro\/?page_id=988005\",\"name\":\"Reclama\u021bii - Primatech\",\"isPartOf\":{\"@id\":\"https:\/\/primatech.ro\/#website\"},\"datePublished\":\"2022-11-09T09:17:45+00:00\",\"dateModified\":\"2022-11-09T11:31:31+00:00\",\"breadcrumb\":{\"@id\":\"https:\/\/primatech.ro\/?page_id=988005#breadcrumb\"},\"inLanguage\":\"ro-RO\",\"potentialAction\":[{\"@type\":\"ReadAction\",\"target\":[\"https:\/\/primatech.ro\/?page_id=988005\"]}]},{\"@type\":\"BreadcrumbList\",\"@id\":\"https:\/\/primatech.ro\/?page_id=988005#breadcrumb\",\"itemListElement\":[{\"@type\":\"ListItem\",\"position\":1,\"name\":\"Home\",\"item\":\"https:\/\/primatech.ro\/\"},{\"@type\":\"ListItem\",\"position\":2,\"name\":\"Reclama\u021bii\"}]},{\"@type\":\"WebSite\",\"@id\":\"https:\/\/primatech.ro\/#website\",\"url\":\"https:\/\/primatech.ro\/\",\"name\":\"Primatech\",\"description\":\"\",\"publisher\":{\"@id\":\"https:\/\/primatech.ro\/#organization\"},\"potentialAction\":[{\"@type\":\"SearchAction\",\"target\":{\"@type\":\"EntryPoint\",\"urlTemplate\":\"https:\/\/primatech.ro\/?s={search_term_string}\"},\"query-input\":\"required name=search_term_string\"}],\"inLanguage\":\"ro-RO\"},{\"@type\":\"Organization\",\"@id\":\"https:\/\/primatech.ro\/#organization\",\"name\":\"Primatech\",\"url\":\"https:\/\/primatech.ro\/\",\"logo\":{\"@type\":\"ImageObject\",\"inLanguage\":\"ro-RO\",\"@id\":\"https:\/\/primatech.ro\/#\/schema\/logo\/image\/\",\"url\":\"https:\/\/primatech.ro\/wp-content\/uploads\/2022\/10\/cropped-logo-1.png\",\"contentUrl\":\"https:\/\/primatech.ro\/wp-content\/uploads\/2022\/10\/cropped-logo-1.png\",\"width\":504,\"height\":125,\"caption\":\"Primatech\"},\"image\":{\"@id\":\"https:\/\/primatech.ro\/#\/schema\/logo\/image\/\"}}]}<\/script>\n<!-- \/ Yoast SEO plugin. -->","yoast_head_json":{"title":"Reclama\u021bii - Primatech","robots":{"index":"index","follow":"follow","max-snippet":"max-snippet:-1","max-image-preview":"max-image-preview:large","max-video-preview":"max-video-preview:-1"},"canonical":"https:\/\/primatech.ro\/?page_id=988005","og_locale":"ro_RO","og_type":"article","og_title":"Reclama\u021bii - Primatech","og_description":"Pentru orice sesizare sau reclama\u021bie v\u0103 rug\u0103m s\u0103 ne contacta\u021bi la num\u0103rul de telefon +40720 150 194, sau prin intermediul adresei de e-mail info@primatech.ro. \u00cen cel mai scurt timp operatorii...","og_url":"https:\/\/primatech.ro\/?page_id=988005","og_site_name":"Primatech","article_modified_time":"2022-11-09T11:31:31+00:00","twitter_card":"summary_large_image","schema":{"@context":"https:\/\/schema.org","@graph":[{"@type":"WebPage","@id":"https:\/\/primatech.ro\/?page_id=988005","url":"https:\/\/primatech.ro\/?page_id=988005","name":"Reclama\u021bii - Primatech","isPartOf":{"@id":"https:\/\/primatech.ro\/#website"},"datePublished":"2022-11-09T09:17:45+00:00","dateModified":"2022-11-09T11:31:31+00:00","breadcrumb":{"@id":"https:\/\/primatech.ro\/?page_id=988005#breadcrumb"},"inLanguage":"ro-RO","potentialAction":[{"@type":"ReadAction","target":["https:\/\/primatech.ro\/?page_id=988005"]}]},{"@type":"BreadcrumbList","@id":"https:\/\/primatech.ro\/?page_id=988005#breadcrumb","itemListElement":[{"@type":"ListItem","position":1,"name":"Home","item":"https:\/\/primatech.ro\/"},{"@type":"ListItem","position":2,"name":"Reclama\u021bii"}]},{"@type":"WebSite","@id":"https:\/\/primatech.ro\/#website","url":"https:\/\/primatech.ro\/","name":"Primatech","description":"","publisher":{"@id":"https:\/\/primatech.ro\/#organization"},"potentialAction":[{"@type":"SearchAction","target":{"@type":"EntryPoint","urlTemplate":"https:\/\/primatech.ro\/?s={search_term_string}"},"query-input":"required name=search_term_string"}],"inLanguage":"ro-RO"},{"@type":"Organization","@id":"https:\/\/primatech.ro\/#organization","name":"Primatech","url":"https:\/\/primatech.ro\/","logo":{"@type":"ImageObject","inLanguage":"ro-RO","@id":"https:\/\/primatech.ro\/#\/schema\/logo\/image\/","url":"https:\/\/primatech.ro\/wp-content\/uploads\/2022\/10\/cropped-logo-1.png","contentUrl":"https:\/\/primatech.ro\/wp-content\/uploads\/2022\/10\/cropped-logo-1.png","width":504,"height":125,"caption":"Primatech"},"image":{"@id":"https:\/\/primatech.ro\/#\/schema\/logo\/image\/"}}]}},"jetpack_sharing_enabled":true,"_links":{"self":[{"href":"https:\/\/primatech.ro\/index.php?rest_route=\/wp\/v2\/pages\/988005"}],"collection":[{"href":"https:\/\/primatech.ro\/index.php?rest_route=\/wp\/v2\/pages"}],"about":[{"href":"https:\/\/primatech.ro\/index.php?rest_route=\/wp\/v2\/types\/page"}],"author":[{"embeddable":true,"href":"https:\/\/primatech.ro\/index.php?rest_route=\/wp\/v2\/users\/1"}],"replies":[{"embeddable":true,"href":"https:\/\/primatech.ro\/index.php?rest_route=%2Fwp%2Fv2%2Fcomments&post=988005"}],"version-history":[{"count":3,"href":"https:\/\/primatech.ro\/index.php?rest_route=\/wp\/v2\/pages\/988005\/revisions"}],"predecessor-version":[{"id":988035,"href":"https:\/\/primatech.ro\/index.php?rest_route=\/wp\/v2\/pages\/988005\/revisions\/988035"}],"wp:attachment":[{"href":"https:\/\/primatech.ro\/index.php?rest_route=%2Fwp%2Fv2%2Fmedia&parent=988005"}],"curies":[{"name":"wp","href":"https:\/\/api.w.org\/{rel}","templated":true}]}}