{"id":987741,"date":"2022-10-31T11:08:12","date_gmt":"2022-10-31T09:08:12","guid":{"rendered":"https:\/\/primatech.ro\/?page_id=987741"},"modified":"2022-11-03T12:41:07","modified_gmt":"2022-11-03T10:41:07","slug":"prelucrarea-datelor","status":"publish","type":"page","link":"https:\/\/primatech.ro\/?page_id=987741","title":{"rendered":"Prelucrarea datelor cu caracter personal"},"content":{"rendered":"<div class=\"vgblk-rw-wrapper limit-wrapper\">\n\n\tPrelucrarea datelor cu caracter personal<br \/>\n<b>Primatech SRL<br \/>\n<\/b><b>RO12006031<br \/>\n<\/b><b>J24\/373\/1999<br \/>\n<\/b><b>Str. Avram Iancu, nr. 29, 430313<br \/>\n<\/b><b>Baia Mare, Maramure\u0219<br \/>\n<\/b>Prelucrarea datelor cu caracter personal<br \/>\nAsigurarea protec\u021biei\u00a0 datelor cu caracter personal se face\u00a0 \u00een deplin\u0103 concordan\u021b\u0103 cu Regulamentul (UE) 2016\/679\u00a0(&#8222;Regulamentul general privind protec\u021bia datelor&#8221;\u00a0sau\u00a0&#8222;GDPR&#8221;), precum \u0219i cu orice alt\u0103 legisla\u021bie aplicabil\u0103 pe teritoriul Rom\u00e2niei. \u00centrucat unul dintre principiile esen\u021biale ale acestui cadrul legal \u00eel reprezint\u0103 transparen\u021ba, dorim s\u0103 v\u0103 inform\u0103m despre modul \u00een care colect\u0103m, utiliz\u0103m, transfer\u0103m \u0219i protej\u0103m datele dvs. cu caracter personal atunci c\u00e2nd interac\u021bionati cu noi \u00een legatur\u0103 cu produsele \u0219i serviciile noastre, inclusiv prin site-ul nostru web.<br \/>\nNe rezerv\u0103m dreptul de a actualiza \u0219i modifica periodic aceast\u0103 Politic\u0103 de Confiden\u021bialitate, pentru a reflecta orice modific\u0103ri ale modului \u00een care prelucr\u0103m datele dumneavoastr\u0103 cu caracter personal sau orice modific\u0103ri ale cerin\u021belor legale. \u00cen cazul oricarei astfel de modific\u0103ri, vom afi\u0219a pe website-ul nostru versiunea modificat\u0103 a Politicii de Confiden\u021bialitate, motiv pentru care v\u0103 rugam s\u0103 verifica\u021bi periodic continu\u021bul acestei Politici de Confidentiali\u021bate.<br \/>\n\u00centruc\u00eet suntem \u00eentotdeauna deschi\u0219i s\u0103 afl\u0103m opiniile dumneavoastr\u0103, precum \u0219i s\u0103 v\u0103 furniz\u0103m orice informa\u021bii suplimentare de care a\u021bi putea avea nevoie cu privire la prelucrarea datelor dvs, v\u0103 \u00eencurajam s\u0103 contacta\u021bi serviciul\u00a0 cu protec\u021bia datelor\u00a0la adresa de e-mail:\u00a0<em><a href=\"mailto:info@primatech.ro\">info@primatech.ro<\/a><\/em>\u00a0\u00a0\u00a0sau\u00a0prin po\u0219ta sau curier la adresa: Mun. Baia Mare\u00a0 Str. Avram Iancu 29 jud. Maramure\u0219\u00a0 &#8211;\u00a0cu men\u021biunea: \u00een aten\u021bia responsabil cu protec\u021bia datelor.<br \/>\n<br \/>\nCe categorii de date cu caracter personal prelucr\u0103m<br \/>\n\u00cen general, colect\u0103m datele dvs. cu caracter personal direct de la dvs., astfel \u00eenc\u00e2t ave\u021bi controlul asupra tipului de informa\u021bie pe care ne-o oferi\u021bi. Cu titlul de exemplu, primim informa\u021bii de la dvs. astfel:<br \/>\n-c\u00e2nd v\u0103 crea\u021bi un cont client, ne transmite\u021bi: adresa de e-mail, numele \u0219i prenumele;<br \/>\n-cand plasa\u021bi o comand\u0103, ne furniza\u021bi informa\u021bii precum: produsul dorit, numele \u0219i prenumele, adresa de livrare, detalii de facturare, metoda de plat\u0103, num\u0103rul de telefon, datele cardului bancar etc.<br \/>\nNu colect\u0103m \u0219i nu prelucr\u0103m \u00een alt mod date sensibile, incluse de Regulamentul general privind protec\u021bia datelor \u00een categorii speciale de date cu caracter personal.<br \/>\n<br \/>\nCare sunt scopurile \u0219i temeiurile prelucr\u0103rii<br \/>\nVom utiliza datele dvs. cu caracter personal \u00een urm\u0103toarele scopuri:<br \/>\n<br \/>\nPentru prestarea serviciilor \u00een beneficiul\u00a0dvs.<br \/>\nAcest scop general poate include, dup\u0103 caz, urmatoarele:<br \/>\na) Crearea \u0219i administrarea contului \u00een cadrul platformei online;<br \/>\nb) Prelucrarea comenzilor, inclusiv preluarea, validarea, expedierea \u0219i facturarea acestora;<br \/>\nc) Solu\u021bionarea anul\u0103rilor sau a problemelor de orice natura referitoare la o comand\u0103, la bunurile sau serviciile achizi\u021bionate;<br \/>\nd) Returnarea produselor conform prevederilor legale;<br \/>\ne) Rambursarea contravalorii \u00a0produselor conform prevederilor legale;<br \/>\nh) Asigurarea serviciilor de suport, inclusiv oferirea de raspunsuri la \u00eentrebarile dvs cu privire la comenzile dvs sau la bunurile \u0219i serviciile Primatech.<br \/>\n<br \/>\nCe drepturi ave\u021bi<br \/>\nRegulamentul general privind protec\u021bia datelor va recunoa\u0219te o serie de drepturi \u00een legatura cu datele dvs. cu caracter personal. Pute\u021bi solicita accesul la datele dvs., corectarea oricaror gre\u0219eli din fi\u0219ierele noastre \u0219i\/sau v\u0103 pute\u021bi opune la prelucrarea datelor dvs. cu caracter personal. De asemenea, v\u0103 pute\u021bi exercita dreptul de a v\u0103 pl\u00e2nge autorit\u0103\u021bii de supraveghere competente sau de a v\u0103 adresa justi\u021biei. Dup\u0103 caz, pute\u021bi beneficia \u0219i de dreptul de a solicita \u0219tergerea datelor dvs. cu caracter personal, dreptul la restric\u021bionarea prelucr\u0103rii datelor dvs. \u0219i dreptul la portabilitatea datelor.<br \/>\nPentru a v\u0103 putea exercita drepturile, ne pute\u021bi contacta folosind detaliile de contact expuse mai sus.\n\n<\/div><!-- .vgblk-rw-wrapper -->","protected":false},"excerpt":{"rendered":"<p>Prelucrarea datelor cu caracter personal Primatech SRL RO12006031 J24\/373\/1999 Str. Avram Iancu, nr. 29, 430313 Baia Mare, Maramure\u0219 Prelucrarea datelor cu caracter personal Asigurarea protec\u021biei\u00a0 datelor cu caracter personal se&#8230;<\/p>\n","protected":false},"author":1,"featured_media":0,"parent":0,"menu_order":0,"comment_status":"closed","ping_status":"closed","template":"","meta":{"inline_featured_image":false,"footnotes":""},"yoast_head":"<!-- This site is optimized with the Yoast SEO plugin v22.1 - https:\/\/yoast.com\/wordpress\/plugins\/seo\/ -->\n<title>Prelucrarea datelor cu caracter personal - Primatech<\/title>\n<meta name=\"robots\" content=\"index, follow, max-snippet:-1, max-image-preview:large, max-video-preview:-1\" \/>\n<link rel=\"canonical\" href=\"https:\/\/primatech.ro\/?page_id=987741\" \/>\n<meta property=\"og:locale\" content=\"ro_RO\" \/>\n<meta property=\"og:type\" content=\"article\" \/>\n<meta property=\"og:title\" content=\"Prelucrarea datelor cu caracter personal - Primatech\" \/>\n<meta property=\"og:description\" content=\"Prelucrarea datelor cu caracter personal Primatech SRL RO12006031 J24\/373\/1999 Str. Avram Iancu, nr. 29, 430313 Baia Mare, Maramure\u0219 Prelucrarea datelor cu caracter personal Asigurarea protec\u021biei\u00a0 datelor cu caracter personal se...\" \/>\n<meta property=\"og:url\" content=\"https:\/\/primatech.ro\/?page_id=987741\" \/>\n<meta property=\"og:site_name\" content=\"Primatech\" \/>\n<meta property=\"article:modified_time\" content=\"2022-11-03T10:41:07+00:00\" \/>\n<meta name=\"twitter:card\" content=\"summary_large_image\" \/>\n<script type=\"application\/ld+json\" class=\"yoast-schema-graph\">{\"@context\":\"https:\/\/schema.org\",\"@graph\":[{\"@type\":\"WebPage\",\"@id\":\"https:\/\/primatech.ro\/?page_id=987741\",\"url\":\"https:\/\/primatech.ro\/?page_id=987741\",\"name\":\"Prelucrarea datelor cu caracter personal - Primatech\",\"isPartOf\":{\"@id\":\"https:\/\/primatech.ro\/#website\"},\"datePublished\":\"2022-10-31T09:08:12+00:00\",\"dateModified\":\"2022-11-03T10:41:07+00:00\",\"breadcrumb\":{\"@id\":\"https:\/\/primatech.ro\/?page_id=987741#breadcrumb\"},\"inLanguage\":\"ro-RO\",\"potentialAction\":[{\"@type\":\"ReadAction\",\"target\":[\"https:\/\/primatech.ro\/?page_id=987741\"]}]},{\"@type\":\"BreadcrumbList\",\"@id\":\"https:\/\/primatech.ro\/?page_id=987741#breadcrumb\",\"itemListElement\":[{\"@type\":\"ListItem\",\"position\":1,\"name\":\"Home\",\"item\":\"https:\/\/primatech.ro\/\"},{\"@type\":\"ListItem\",\"position\":2,\"name\":\"Prelucrarea datelor cu caracter personal\"}]},{\"@type\":\"WebSite\",\"@id\":\"https:\/\/primatech.ro\/#website\",\"url\":\"https:\/\/primatech.ro\/\",\"name\":\"Primatech\",\"description\":\"\",\"publisher\":{\"@id\":\"https:\/\/primatech.ro\/#organization\"},\"potentialAction\":[{\"@type\":\"SearchAction\",\"target\":{\"@type\":\"EntryPoint\",\"urlTemplate\":\"https:\/\/primatech.ro\/?s={search_term_string}\"},\"query-input\":\"required name=search_term_string\"}],\"inLanguage\":\"ro-RO\"},{\"@type\":\"Organization\",\"@id\":\"https:\/\/primatech.ro\/#organization\",\"name\":\"Primatech\",\"url\":\"https:\/\/primatech.ro\/\",\"logo\":{\"@type\":\"ImageObject\",\"inLanguage\":\"ro-RO\",\"@id\":\"https:\/\/primatech.ro\/#\/schema\/logo\/image\/\",\"url\":\"https:\/\/primatech.ro\/wp-content\/uploads\/2022\/10\/cropped-logo-1.png\",\"contentUrl\":\"https:\/\/primatech.ro\/wp-content\/uploads\/2022\/10\/cropped-logo-1.png\",\"width\":504,\"height\":125,\"caption\":\"Primatech\"},\"image\":{\"@id\":\"https:\/\/primatech.ro\/#\/schema\/logo\/image\/\"}}]}<\/script>\n<!-- \/ Yoast SEO plugin. -->","yoast_head_json":{"title":"Prelucrarea datelor cu caracter personal - Primatech","robots":{"index":"index","follow":"follow","max-snippet":"max-snippet:-1","max-image-preview":"max-image-preview:large","max-video-preview":"max-video-preview:-1"},"canonical":"https:\/\/primatech.ro\/?page_id=987741","og_locale":"ro_RO","og_type":"article","og_title":"Prelucrarea datelor cu caracter personal - Primatech","og_description":"Prelucrarea datelor cu caracter personal Primatech SRL RO12006031 J24\/373\/1999 Str. Avram Iancu, nr. 29, 430313 Baia Mare, Maramure\u0219 Prelucrarea datelor cu caracter personal Asigurarea protec\u021biei\u00a0 datelor cu caracter personal se...","og_url":"https:\/\/primatech.ro\/?page_id=987741","og_site_name":"Primatech","article_modified_time":"2022-11-03T10:41:07+00:00","twitter_card":"summary_large_image","schema":{"@context":"https:\/\/schema.org","@graph":[{"@type":"WebPage","@id":"https:\/\/primatech.ro\/?page_id=987741","url":"https:\/\/primatech.ro\/?page_id=987741","name":"Prelucrarea datelor cu caracter personal - Primatech","isPartOf":{"@id":"https:\/\/primatech.ro\/#website"},"datePublished":"2022-10-31T09:08:12+00:00","dateModified":"2022-11-03T10:41:07+00:00","breadcrumb":{"@id":"https:\/\/primatech.ro\/?page_id=987741#breadcrumb"},"inLanguage":"ro-RO","potentialAction":[{"@type":"ReadAction","target":["https:\/\/primatech.ro\/?page_id=987741"]}]},{"@type":"BreadcrumbList","@id":"https:\/\/primatech.ro\/?page_id=987741#breadcrumb","itemListElement":[{"@type":"ListItem","position":1,"name":"Home","item":"https:\/\/primatech.ro\/"},{"@type":"ListItem","position":2,"name":"Prelucrarea datelor cu caracter personal"}]},{"@type":"WebSite","@id":"https:\/\/primatech.ro\/#website","url":"https:\/\/primatech.ro\/","name":"Primatech","description":"","publisher":{"@id":"https:\/\/primatech.ro\/#organization"},"potentialAction":[{"@type":"SearchAction","target":{"@type":"EntryPoint","urlTemplate":"https:\/\/primatech.ro\/?s={search_term_string}"},"query-input":"required name=search_term_string"}],"inLanguage":"ro-RO"},{"@type":"Organization","@id":"https:\/\/primatech.ro\/#organization","name":"Primatech","url":"https:\/\/primatech.ro\/","logo":{"@type":"ImageObject","inLanguage":"ro-RO","@id":"https:\/\/primatech.ro\/#\/schema\/logo\/image\/","url":"https:\/\/primatech.ro\/wp-content\/uploads\/2022\/10\/cropped-logo-1.png","contentUrl":"https:\/\/primatech.ro\/wp-content\/uploads\/2022\/10\/cropped-logo-1.png","width":504,"height":125,"caption":"Primatech"},"image":{"@id":"https:\/\/primatech.ro\/#\/schema\/logo\/image\/"}}]}},"jetpack_sharing_enabled":true,"_links":{"self":[{"href":"https:\/\/primatech.ro\/index.php?rest_route=\/wp\/v2\/pages\/987741"}],"collection":[{"href":"https:\/\/primatech.ro\/index.php?rest_route=\/wp\/v2\/pages"}],"about":[{"href":"https:\/\/primatech.ro\/index.php?rest_route=\/wp\/v2\/types\/page"}],"author":[{"embeddable":true,"href":"https:\/\/primatech.ro\/index.php?rest_route=\/wp\/v2\/users\/1"}],"replies":[{"embeddable":true,"href":"https:\/\/primatech.ro\/index.php?rest_route=%2Fwp%2Fv2%2Fcomments&post=987741"}],"version-history":[{"count":3,"href":"https:\/\/primatech.ro\/index.php?rest_route=\/wp\/v2\/pages\/987741\/revisions"}],"predecessor-version":[{"id":987825,"href":"https:\/\/primatech.ro\/index.php?rest_route=\/wp\/v2\/pages\/987741\/revisions\/987825"}],"wp:attachment":[{"href":"https:\/\/primatech.ro\/index.php?rest_route=%2Fwp%2Fv2%2Fmedia&parent=987741"}],"curies":[{"name":"wp","href":"https:\/\/api.w.org\/{rel}","templated":true}]}}