{"id":987739,"date":"2022-10-31T11:04:32","date_gmt":"2022-10-31T09:04:32","guid":{"rendered":"https:\/\/primatech.ro\/?page_id=987739"},"modified":"2022-11-03T12:50:18","modified_gmt":"2022-11-03T10:50:18","slug":"politica-de-confidentialitate","status":"publish","type":"page","link":"https:\/\/primatech.ro\/?page_id=987739","title":{"rendered":"Politica de confidentialitate"},"content":{"rendered":"<div class=\"vgblk-rw-wrapper limit-wrapper\">\n\n\tStimate vizitator, pentru a-\u021bi oferi cea mai bun\u0103 experien\u021b\u0103 relevant\u0103, folosim cookie-uri. Am actualizat politicile pentru a integra \u00een acestea modific\u0103rile specificate de Regulamentul (UE) 2016\/679 (&#8222;Regulamentul general privind protec\u021bia datelor&#8221; sau &#8222;GDPR&#8221;).<br \/>\nPrin continuarea navig\u0103rii pe site-ul nostru confirma\u021bi acceptarea utiliz\u0103rii fi\u015fierelor de tip cookie conform Politicii confiden\u021bialitate de prelucrare a datelor. Datele dumneavoastr\u0103 pot fi oric\u00e2nd \u0219terse urm\u00e2nd instruc\u021biunile din document.\u00a0\u00a0<a href=\"https:\/\/primatech.ro\/prelucrarea-datelor\/\"><u>V\u0103 rug\u0103m s\u0103 citi\u021bi modul \u00een care Primatech prelucreaz\u0103 datele cu caracter personal<\/u><\/a>\n\n<\/div><!-- .vgblk-rw-wrapper -->","protected":false},"excerpt":{"rendered":"<p>Stimate vizitator, pentru a-\u021bi oferi cea mai bun\u0103 experien\u021b\u0103 relevant\u0103, folosim cookie-uri. Am actualizat politicile pentru a integra \u00een acestea modific\u0103rile specificate de Regulamentul (UE) 2016\/679 (&#8222;Regulamentul general privind protec\u021bia&#8230;<\/p>\n","protected":false},"author":1,"featured_media":0,"parent":0,"menu_order":0,"comment_status":"closed","ping_status":"closed","template":"","meta":{"inline_featured_image":false,"footnotes":""},"yoast_head":"<!-- This site is optimized with the Yoast SEO plugin v22.1 - https:\/\/yoast.com\/wordpress\/plugins\/seo\/ -->\n<title>Politica de confidentialitate - Primatech<\/title>\n<meta name=\"robots\" content=\"index, follow, max-snippet:-1, max-image-preview:large, max-video-preview:-1\" \/>\n<link rel=\"canonical\" href=\"https:\/\/primatech.ro\/?page_id=987739\" \/>\n<meta property=\"og:locale\" content=\"ro_RO\" \/>\n<meta property=\"og:type\" content=\"article\" \/>\n<meta property=\"og:title\" content=\"Politica de confidentialitate - Primatech\" \/>\n<meta property=\"og:description\" content=\"Stimate vizitator, pentru a-\u021bi oferi cea mai bun\u0103 experien\u021b\u0103 relevant\u0103, folosim cookie-uri. Am actualizat politicile pentru a integra \u00een acestea modific\u0103rile specificate de Regulamentul (UE) 2016\/679 (&#8222;Regulamentul general privind protec\u021bia...\" \/>\n<meta property=\"og:url\" content=\"https:\/\/primatech.ro\/?page_id=987739\" \/>\n<meta property=\"og:site_name\" content=\"Primatech\" \/>\n<meta property=\"article:modified_time\" content=\"2022-11-03T10:50:18+00:00\" \/>\n<meta name=\"twitter:card\" content=\"summary_large_image\" \/>\n<script type=\"application\/ld+json\" class=\"yoast-schema-graph\">{\"@context\":\"https:\/\/schema.org\",\"@graph\":[{\"@type\":\"WebPage\",\"@id\":\"https:\/\/primatech.ro\/?page_id=987739\",\"url\":\"https:\/\/primatech.ro\/?page_id=987739\",\"name\":\"Politica de confidentialitate - Primatech\",\"isPartOf\":{\"@id\":\"https:\/\/primatech.ro\/#website\"},\"datePublished\":\"2022-10-31T09:04:32+00:00\",\"dateModified\":\"2022-11-03T10:50:18+00:00\",\"breadcrumb\":{\"@id\":\"https:\/\/primatech.ro\/?page_id=987739#breadcrumb\"},\"inLanguage\":\"ro-RO\",\"potentialAction\":[{\"@type\":\"ReadAction\",\"target\":[\"https:\/\/primatech.ro\/?page_id=987739\"]}]},{\"@type\":\"BreadcrumbList\",\"@id\":\"https:\/\/primatech.ro\/?page_id=987739#breadcrumb\",\"itemListElement\":[{\"@type\":\"ListItem\",\"position\":1,\"name\":\"Home\",\"item\":\"https:\/\/primatech.ro\/\"},{\"@type\":\"ListItem\",\"position\":2,\"name\":\"Politica de confidentialitate\"}]},{\"@type\":\"WebSite\",\"@id\":\"https:\/\/primatech.ro\/#website\",\"url\":\"https:\/\/primatech.ro\/\",\"name\":\"Primatech\",\"description\":\"\",\"publisher\":{\"@id\":\"https:\/\/primatech.ro\/#organization\"},\"potentialAction\":[{\"@type\":\"SearchAction\",\"target\":{\"@type\":\"EntryPoint\",\"urlTemplate\":\"https:\/\/primatech.ro\/?s={search_term_string}\"},\"query-input\":\"required name=search_term_string\"}],\"inLanguage\":\"ro-RO\"},{\"@type\":\"Organization\",\"@id\":\"https:\/\/primatech.ro\/#organization\",\"name\":\"Primatech\",\"url\":\"https:\/\/primatech.ro\/\",\"logo\":{\"@type\":\"ImageObject\",\"inLanguage\":\"ro-RO\",\"@id\":\"https:\/\/primatech.ro\/#\/schema\/logo\/image\/\",\"url\":\"https:\/\/primatech.ro\/wp-content\/uploads\/2022\/10\/cropped-logo-1.png\",\"contentUrl\":\"https:\/\/primatech.ro\/wp-content\/uploads\/2022\/10\/cropped-logo-1.png\",\"width\":504,\"height\":125,\"caption\":\"Primatech\"},\"image\":{\"@id\":\"https:\/\/primatech.ro\/#\/schema\/logo\/image\/\"}}]}<\/script>\n<!-- \/ Yoast SEO plugin. -->","yoast_head_json":{"title":"Politica de confidentialitate - Primatech","robots":{"index":"index","follow":"follow","max-snippet":"max-snippet:-1","max-image-preview":"max-image-preview:large","max-video-preview":"max-video-preview:-1"},"canonical":"https:\/\/primatech.ro\/?page_id=987739","og_locale":"ro_RO","og_type":"article","og_title":"Politica de confidentialitate - Primatech","og_description":"Stimate vizitator, pentru a-\u021bi oferi cea mai bun\u0103 experien\u021b\u0103 relevant\u0103, folosim cookie-uri. Am actualizat politicile pentru a integra \u00een acestea modific\u0103rile specificate de Regulamentul (UE) 2016\/679 (&#8222;Regulamentul general privind protec\u021bia...","og_url":"https:\/\/primatech.ro\/?page_id=987739","og_site_name":"Primatech","article_modified_time":"2022-11-03T10:50:18+00:00","twitter_card":"summary_large_image","schema":{"@context":"https:\/\/schema.org","@graph":[{"@type":"WebPage","@id":"https:\/\/primatech.ro\/?page_id=987739","url":"https:\/\/primatech.ro\/?page_id=987739","name":"Politica de confidentialitate - Primatech","isPartOf":{"@id":"https:\/\/primatech.ro\/#website"},"datePublished":"2022-10-31T09:04:32+00:00","dateModified":"2022-11-03T10:50:18+00:00","breadcrumb":{"@id":"https:\/\/primatech.ro\/?page_id=987739#breadcrumb"},"inLanguage":"ro-RO","potentialAction":[{"@type":"ReadAction","target":["https:\/\/primatech.ro\/?page_id=987739"]}]},{"@type":"BreadcrumbList","@id":"https:\/\/primatech.ro\/?page_id=987739#breadcrumb","itemListElement":[{"@type":"ListItem","position":1,"name":"Home","item":"https:\/\/primatech.ro\/"},{"@type":"ListItem","position":2,"name":"Politica de confidentialitate"}]},{"@type":"WebSite","@id":"https:\/\/primatech.ro\/#website","url":"https:\/\/primatech.ro\/","name":"Primatech","description":"","publisher":{"@id":"https:\/\/primatech.ro\/#organization"},"potentialAction":[{"@type":"SearchAction","target":{"@type":"EntryPoint","urlTemplate":"https:\/\/primatech.ro\/?s={search_term_string}"},"query-input":"required name=search_term_string"}],"inLanguage":"ro-RO"},{"@type":"Organization","@id":"https:\/\/primatech.ro\/#organization","name":"Primatech","url":"https:\/\/primatech.ro\/","logo":{"@type":"ImageObject","inLanguage":"ro-RO","@id":"https:\/\/primatech.ro\/#\/schema\/logo\/image\/","url":"https:\/\/primatech.ro\/wp-content\/uploads\/2022\/10\/cropped-logo-1.png","contentUrl":"https:\/\/primatech.ro\/wp-content\/uploads\/2022\/10\/cropped-logo-1.png","width":504,"height":125,"caption":"Primatech"},"image":{"@id":"https:\/\/primatech.ro\/#\/schema\/logo\/image\/"}}]}},"jetpack_sharing_enabled":true,"_links":{"self":[{"href":"https:\/\/primatech.ro\/index.php?rest_route=\/wp\/v2\/pages\/987739"}],"collection":[{"href":"https:\/\/primatech.ro\/index.php?rest_route=\/wp\/v2\/pages"}],"about":[{"href":"https:\/\/primatech.ro\/index.php?rest_route=\/wp\/v2\/types\/page"}],"author":[{"embeddable":true,"href":"https:\/\/primatech.ro\/index.php?rest_route=\/wp\/v2\/users\/1"}],"replies":[{"embeddable":true,"href":"https:\/\/primatech.ro\/index.php?rest_route=%2Fwp%2Fv2%2Fcomments&post=987739"}],"version-history":[{"count":3,"href":"https:\/\/primatech.ro\/index.php?rest_route=\/wp\/v2\/pages\/987739\/revisions"}],"predecessor-version":[{"id":987827,"href":"https:\/\/primatech.ro\/index.php?rest_route=\/wp\/v2\/pages\/987739\/revisions\/987827"}],"wp:attachment":[{"href":"https:\/\/primatech.ro\/index.php?rest_route=%2Fwp%2Fv2%2Fmedia&parent=987739"}],"curies":[{"name":"wp","href":"https:\/\/api.w.org\/{rel}","templated":true}]}}