{"id":987733,"date":"2022-10-31T11:01:00","date_gmt":"2022-10-31T09:01:00","guid":{"rendered":"https:\/\/primatech.ro\/?page_id=987733"},"modified":"2025-03-18T15:54:34","modified_gmt":"2025-03-18T13:54:34","slug":"prefer-plus","status":"publish","type":"page","link":"https:\/\/primatech.ro\/?page_id=987733","title":{"rendered":"Prefer Plus"},"content":{"rendered":"<div class=\"vgblk-rw-wrapper limit-wrapper\">\n<h5>\n\t\tCunoscut \u00een anii preceden\u021bi sub denumirea comercial\u0103 de Haiduc.\n\t<\/h5>\n\t\t\tInforma\u021bii generale \t\t\n\t\t\tSpecifica\u021bii\t\t\n\t\t\tManual de utilizare\t\t\n\t\t\tFi\u0219a tehnic\u0103\t\t\n\t\t\t\t<p><strong>Calitate<\/strong> &#8211; sigur, fiabil \u015fi durabil \u00een func\u0163ionare, senzor durabil, de \u00eenalt\u0103 calitate<strong>Design simplu<\/strong> &#8211; design modern \u015fi dimensiuni reduse<strong>Dedicat<\/strong> &#8211; u\u015for de instalat, suport de montare inclus. Se instaleaz\u0103 (fire din perete sau pe perete) u\u015for \u015fi rapid; se pot instala mai multe detectoare pe aceea\u015fi electrovalv\u0103<strong>Dubl\u0103 alarm\u0103<\/strong> &#8211; dubl\u0103 alarm\u0103: vizual\u0103 (LED) \u015fi acustic\u0103 (buzzer)<strong>Configurabil<\/strong> &#8211; pot fi conectate la electrovalve cu tensiunea de alimentare de 230V AC<strong>Test\/Reset<\/strong> &#8211; buton Test\/Reset cu dubl\u0103 func\u0163ie: testare periodic\u0103 a func\u0163ion\u0103rii detectorului \u015fi \u00eentreruperea st\u0103rii de alarm\u0103 c\u00e2nd detectorul alarmeaz\u0103.<\/p>\t\t\t\n\t\t\t\t<p>Senzor: Semiconductor SnOTensiune de alimentare: 230V AC (-15% +10%), 50\/60HzPutere absorbit\u0103 : 4VAGaz detectat: metanInterval de alarmare: 3% &#8211; 20% LIEPrag de alarmare: 9% LIETimp de stabilizare ini\u021bial : 2 min 30 secIndicatori:LED Verde: AlimentareLED Ro\u0219u: Alarma vizual\u0103LED Bicolor : continuu &#8211; defec\u021biune intermitent la 10 sec &#8211; stare de vegheBUZZER: alarm\u0103 sonor\u0103 &#8211; min. 85 dB la 1mDurata de via\u021b\u0103 a senzorului: 5 aniValori nominale de contact releu: 6A @ 250V ACTemperatura de lucru: -10\u00b0C \u00f7 +40\u00b0CTemperatura de depozitare: -20\u00b0C \u00f7 +50\u00b0CUmiditate (f\u0103r\u0103 condensare): 20% &#8211; 90% RHGrad de protec\u021bie: IP 42Carcas\u0103:Material: ABS V0Culoare: AlbDimensiuni: 90 x 75 x 43 mm (L x l x h)Greutate: 300g<\/p>\t\t\t\n\t\t\t\t\t\t<style>\r\n            #h5vp69e8abe0a41ce iframe {  width: 100%; }        <\/style>\r\n        \t    <div id=\"h5vp69e8abe0a41ce\" class=\"pdfp_wrapper\">\r\n                        <div class=\"cta_wrapper\">\r\n                \t            <p><a class=\"fullscreenBtn\" href=\"https:\/\/primatech.ro\/wp-content\/plugins\/pdf-poster\/pdfjs\/web\/viewer.html?file=https:\/\/primatech.ro\/wp-content\/uploads\/2023\/02\/Manual-Prefer-Plus-compressed.pdf&#038;download=true&#038;print=vera&#038;openfile=false\"><button>View Fullscreen<\/button><\/a><\/p>\r\n            <\/div>\r\n            <div class=\"iframe_wrapper\">\r\n                <iframe loading=\"lazy\" width=\"100%\" height=\"842px\" src=\"https:\/\/primatech.ro\/wp-content\/plugins\/pdf-poster\/pdfjs\/web\/viewer.html?file=https:\/\/primatech.ro\/wp-content\/uploads\/2023\/02\/Manual-Prefer-Plus-compressed.pdf&#038;download=true&#038;print=vera&#038;openfile=false\"><\/iframe>\r\n            <\/div>\r\n\t    <\/div>\r\n        \t\t\t\n\t\t\t\t\t\t<style>\r\n            #h5vp69e8abe0a41ce iframe {  width: 100%; }#h5vp69e8abe0a444c iframe {  width: 100%; }        <\/style>\r\n        \t    <div id=\"h5vp69e8abe0a444c\" class=\"pdfp_wrapper\">\r\n                        <div class=\"cta_wrapper\">\r\n                \t            <p><a class=\"fullscreenBtn\" href=\"https:\/\/primatech.ro\/wp-content\/plugins\/pdf-poster\/pdfjs\/web\/viewer.html?file=https:\/\/primatech.ro\/wp-content\/uploads\/2023\/06\/Fisa-produs-Prefer-Plus-iunie-2023.pdf&#038;download=true&#038;print=vera&#038;openfile=false\"><button>View Fullscreen<\/button><\/a><\/p>\r\n            <\/div>\r\n            <div class=\"iframe_wrapper\">\r\n                <iframe loading=\"lazy\" width=\"100%\" height=\"842px\" src=\"https:\/\/primatech.ro\/wp-content\/plugins\/pdf-poster\/pdfjs\/web\/viewer.html?file=https:\/\/primatech.ro\/wp-content\/uploads\/2023\/06\/Fisa-produs-Prefer-Plus-iunie-2023.pdf&#038;download=true&#038;print=vera&#038;openfile=false\"><\/iframe>\r\n            <\/div>\r\n\t    <\/div>\r\n        \t\t\t\n\n<\/div><!-- .vgblk-rw-wrapper -->","protected":false},"excerpt":{"rendered":"<p>Cunoscut \u00een anii preceden\u021bi sub denumirea comercial\u0103 de Haiduc. Informa\u021bii generale Specifica\u021bii Manual de utilizare Fi\u0219a tehnic\u0103 Calitate &#8211; sigur, fiabil \u015fi durabil \u00een func\u0163ionare, senzor durabil, de \u00eenalt\u0103 calitateDesign&#8230;<\/p>\n","protected":false},"author":1,"featured_media":0,"parent":0,"menu_order":0,"comment_status":"closed","ping_status":"closed","template":"","meta":{"inline_featured_image":false,"footnotes":""},"yoast_head":"<!-- This site is optimized with the Yoast SEO plugin v22.1 - https:\/\/yoast.com\/wordpress\/plugins\/seo\/ -->\n<title>Prefer Plus - Primatech<\/title>\n<meta name=\"robots\" content=\"index, follow, max-snippet:-1, max-image-preview:large, max-video-preview:-1\" \/>\n<link rel=\"canonical\" href=\"https:\/\/primatech.ro\/?page_id=987733\" \/>\n<meta property=\"og:locale\" content=\"ro_RO\" \/>\n<meta property=\"og:type\" content=\"article\" \/>\n<meta property=\"og:title\" content=\"Prefer Plus - Primatech\" \/>\n<meta property=\"og:description\" content=\"Cunoscut \u00een anii preceden\u021bi sub denumirea comercial\u0103 de Haiduc. Informa\u021bii generale Specifica\u021bii Manual de utilizare Fi\u0219a tehnic\u0103 Calitate &#8211; sigur, fiabil \u015fi durabil \u00een func\u0163ionare, senzor durabil, de \u00eenalt\u0103 calitateDesign...\" \/>\n<meta property=\"og:url\" content=\"https:\/\/primatech.ro\/?page_id=987733\" \/>\n<meta property=\"og:site_name\" content=\"Primatech\" \/>\n<meta property=\"article:modified_time\" content=\"2025-03-18T13:54:34+00:00\" \/>\n<meta name=\"twitter:card\" content=\"summary_large_image\" \/>\n<meta name=\"twitter:label1\" content=\"Timp estimat pentru citire\" \/>\n\t<meta name=\"twitter:data1\" content=\"3 minute\" \/>\n<script type=\"application\/ld+json\" class=\"yoast-schema-graph\">{\"@context\":\"https:\/\/schema.org\",\"@graph\":[{\"@type\":\"WebPage\",\"@id\":\"https:\/\/primatech.ro\/?page_id=987733\",\"url\":\"https:\/\/primatech.ro\/?page_id=987733\",\"name\":\"Prefer Plus - Primatech\",\"isPartOf\":{\"@id\":\"https:\/\/primatech.ro\/#website\"},\"datePublished\":\"2022-10-31T09:01:00+00:00\",\"dateModified\":\"2025-03-18T13:54:34+00:00\",\"breadcrumb\":{\"@id\":\"https:\/\/primatech.ro\/?page_id=987733#breadcrumb\"},\"inLanguage\":\"ro-RO\",\"potentialAction\":[{\"@type\":\"ReadAction\",\"target\":[\"https:\/\/primatech.ro\/?page_id=987733\"]}]},{\"@type\":\"BreadcrumbList\",\"@id\":\"https:\/\/primatech.ro\/?page_id=987733#breadcrumb\",\"itemListElement\":[{\"@type\":\"ListItem\",\"position\":1,\"name\":\"Home\",\"item\":\"https:\/\/primatech.ro\/\"},{\"@type\":\"ListItem\",\"position\":2,\"name\":\"Prefer Plus\"}]},{\"@type\":\"WebSite\",\"@id\":\"https:\/\/primatech.ro\/#website\",\"url\":\"https:\/\/primatech.ro\/\",\"name\":\"Primatech\",\"description\":\"\",\"publisher\":{\"@id\":\"https:\/\/primatech.ro\/#organization\"},\"potentialAction\":[{\"@type\":\"SearchAction\",\"target\":{\"@type\":\"EntryPoint\",\"urlTemplate\":\"https:\/\/primatech.ro\/?s={search_term_string}\"},\"query-input\":\"required name=search_term_string\"}],\"inLanguage\":\"ro-RO\"},{\"@type\":\"Organization\",\"@id\":\"https:\/\/primatech.ro\/#organization\",\"name\":\"Primatech\",\"url\":\"https:\/\/primatech.ro\/\",\"logo\":{\"@type\":\"ImageObject\",\"inLanguage\":\"ro-RO\",\"@id\":\"https:\/\/primatech.ro\/#\/schema\/logo\/image\/\",\"url\":\"https:\/\/primatech.ro\/wp-content\/uploads\/2022\/10\/cropped-logo-1.png\",\"contentUrl\":\"https:\/\/primatech.ro\/wp-content\/uploads\/2022\/10\/cropped-logo-1.png\",\"width\":504,\"height\":125,\"caption\":\"Primatech\"},\"image\":{\"@id\":\"https:\/\/primatech.ro\/#\/schema\/logo\/image\/\"}}]}<\/script>\n<!-- \/ Yoast SEO plugin. -->","yoast_head_json":{"title":"Prefer Plus - Primatech","robots":{"index":"index","follow":"follow","max-snippet":"max-snippet:-1","max-image-preview":"max-image-preview:large","max-video-preview":"max-video-preview:-1"},"canonical":"https:\/\/primatech.ro\/?page_id=987733","og_locale":"ro_RO","og_type":"article","og_title":"Prefer Plus - Primatech","og_description":"Cunoscut \u00een anii preceden\u021bi sub denumirea comercial\u0103 de Haiduc. Informa\u021bii generale Specifica\u021bii Manual de utilizare Fi\u0219a tehnic\u0103 Calitate &#8211; sigur, fiabil \u015fi durabil \u00een func\u0163ionare, senzor durabil, de \u00eenalt\u0103 calitateDesign...","og_url":"https:\/\/primatech.ro\/?page_id=987733","og_site_name":"Primatech","article_modified_time":"2025-03-18T13:54:34+00:00","twitter_card":"summary_large_image","twitter_misc":{"Timp estimat pentru citire":"3 minute"},"schema":{"@context":"https:\/\/schema.org","@graph":[{"@type":"WebPage","@id":"https:\/\/primatech.ro\/?page_id=987733","url":"https:\/\/primatech.ro\/?page_id=987733","name":"Prefer Plus - Primatech","isPartOf":{"@id":"https:\/\/primatech.ro\/#website"},"datePublished":"2022-10-31T09:01:00+00:00","dateModified":"2025-03-18T13:54:34+00:00","breadcrumb":{"@id":"https:\/\/primatech.ro\/?page_id=987733#breadcrumb"},"inLanguage":"ro-RO","potentialAction":[{"@type":"ReadAction","target":["https:\/\/primatech.ro\/?page_id=987733"]}]},{"@type":"BreadcrumbList","@id":"https:\/\/primatech.ro\/?page_id=987733#breadcrumb","itemListElement":[{"@type":"ListItem","position":1,"name":"Home","item":"https:\/\/primatech.ro\/"},{"@type":"ListItem","position":2,"name":"Prefer Plus"}]},{"@type":"WebSite","@id":"https:\/\/primatech.ro\/#website","url":"https:\/\/primatech.ro\/","name":"Primatech","description":"","publisher":{"@id":"https:\/\/primatech.ro\/#organization"},"potentialAction":[{"@type":"SearchAction","target":{"@type":"EntryPoint","urlTemplate":"https:\/\/primatech.ro\/?s={search_term_string}"},"query-input":"required name=search_term_string"}],"inLanguage":"ro-RO"},{"@type":"Organization","@id":"https:\/\/primatech.ro\/#organization","name":"Primatech","url":"https:\/\/primatech.ro\/","logo":{"@type":"ImageObject","inLanguage":"ro-RO","@id":"https:\/\/primatech.ro\/#\/schema\/logo\/image\/","url":"https:\/\/primatech.ro\/wp-content\/uploads\/2022\/10\/cropped-logo-1.png","contentUrl":"https:\/\/primatech.ro\/wp-content\/uploads\/2022\/10\/cropped-logo-1.png","width":504,"height":125,"caption":"Primatech"},"image":{"@id":"https:\/\/primatech.ro\/#\/schema\/logo\/image\/"}}]}},"jetpack_sharing_enabled":true,"_links":{"self":[{"href":"https:\/\/primatech.ro\/index.php?rest_route=\/wp\/v2\/pages\/987733"}],"collection":[{"href":"https:\/\/primatech.ro\/index.php?rest_route=\/wp\/v2\/pages"}],"about":[{"href":"https:\/\/primatech.ro\/index.php?rest_route=\/wp\/v2\/types\/page"}],"author":[{"embeddable":true,"href":"https:\/\/primatech.ro\/index.php?rest_route=\/wp\/v2\/users\/1"}],"replies":[{"embeddable":true,"href":"https:\/\/primatech.ro\/index.php?rest_route=%2Fwp%2Fv2%2Fcomments&post=987733"}],"version-history":[{"count":8,"href":"https:\/\/primatech.ro\/index.php?rest_route=\/wp\/v2\/pages\/987733\/revisions"}],"predecessor-version":[{"id":988502,"href":"https:\/\/primatech.ro\/index.php?rest_route=\/wp\/v2\/pages\/987733\/revisions\/988502"}],"wp:attachment":[{"href":"https:\/\/primatech.ro\/index.php?rest_route=%2Fwp%2Fv2%2Fmedia&parent=987733"}],"curies":[{"name":"wp","href":"https:\/\/api.w.org\/{rel}","templated":true}]}}