{"id":987731,"date":"2022-10-31T11:00:16","date_gmt":"2022-10-31T09:00:16","guid":{"rendered":"https:\/\/primatech.ro\/?page_id=987731"},"modified":"2025-03-18T15:31:32","modified_gmt":"2025-03-18T13:31:32","slug":"prefer","status":"publish","type":"page","link":"https:\/\/primatech.ro\/?page_id=987731","title":{"rendered":"Prefer"},"content":{"rendered":"<div class=\"vgblk-rw-wrapper limit-wrapper\">\n\n\t\t\tInforma\u021bii generale \t\t\n\t\t\tSpecifica\u021bii \t\t\n\t\t\tManual de utilizare\t\t\n\t\t\tFi\u0219a tehnic\u0103\t\t\n\t\t\t\t<p><strong>Calitate<\/strong> &#8211; sigur, fiabil \u015fi durabil \u00een func\u0163ionare<strong>Design simplu<\/strong> &#8211; design modern \u015fi dimensiuni reduse<strong>U\u015for de instalat<\/strong> &#8211; nu necesit\u0103 g\u0103urirea peretelui pentru montarea detectorului<strong>Auto diagnostic<\/strong> &#8211; are \u00een componen\u0163\u0103 un sistem de auto-diagnostic pentru verificarea bunei func\u0163ion\u0103ri a detectorului<strong>Dubl\u0103 alarm\u0103<\/strong> &#8211; dubl\u0103 alarm\u0103: vizual\u0103 (LED) \u015fi acustic\u0103 (buzzer)<strong>Test\/Reset<\/strong> &#8211; buton Test\/Reset cu dubl\u0103 func\u0163ie: testare periodic\u0103 a func\u0163ion\u0103rii detectorului \u015fi \u00eentreruperea st\u0103rii de alarm\u0103 c\u00e2nd detectorul alarmeaz\u0103<strong>Configurabil<\/strong> &#8211; construit astfel \u00eenc\u00e2t permite instalarea unui singur detector pe electrovalv\u0103 sau se pot instala mai multe detectoare pe aceea\u015fi electrovalv\u0103 (utiliz\u00e2nd strict configura\u0163iile recomandate)<\/p>\t\t\t\n\t\t\t\t<p>Senzor: SemiconductorTensiune de alimentare: 230V AC (-15% +10%), 50\/60HzPutere absorbit\u0103: 4VAGaz detectat: metanInterval de alarmare: 3% &#8211; 20% LIEPrag de alarmare: 9% LIETimp de stabilizare ini\u021bial: 2 min 30 secIndicatori:LED Verde: AlimentareLED Bicolor:Ro\u0219u: Alarma vizual\u0103Galben : continuu &#8211; defec\u021biune intermitent la 20 sec &#8211; stare de vegheBUZZER: alarm\u0103 sonor\u0103 &#8211; min. 85 dB la 1mDurata de via\u021b\u0103 a senzorului: 5 aniValori nominale de contact releu: 10(3)A @ 250V ACTemperatura de lucru: -10\u00b0C \u00f7 +40\u00b0CTemperatura de depozitare: -20\u00b0C \u00f7 +50\u00b0CUmiditate (f\u0103r\u0103 condensare): 20% &#8211; 90% RHGrad de protec\u021bie: IP 42Carcas\u0103:Material: ABS V0Culoare: AlbDimensiuni: 93 x 75 x 38 mm (L x l x h)Greutate: 300g<\/p>\t\t\t\n\t\t\t\t\t\t<style>\r\n            #h5vp69e182b35772c iframe {  width: 100%; }        <\/style>\r\n        \t    <div id=\"h5vp69e182b35772c\" class=\"pdfp_wrapper\">\r\n                        <div class=\"cta_wrapper\">\r\n                \t            <p><a class=\"fullscreenBtn\" href=\"https:\/\/primatech.ro\/wp-content\/plugins\/pdf-poster\/pdfjs\/web\/viewer.html?file=https:\/\/primatech.ro\/wp-content\/uploads\/2022\/11\/Manual-de-utilizare-Prefer.pdf&#038;download=true&#038;print=vera&#038;openfile=false\"><button>View Fullscreen<\/button><\/a><\/p>\r\n            <\/div>\r\n            <div class=\"iframe_wrapper\">\r\n                <iframe loading=\"lazy\" width=\"100%\" height=\"842px\" src=\"https:\/\/primatech.ro\/wp-content\/plugins\/pdf-poster\/pdfjs\/web\/viewer.html?file=https:\/\/primatech.ro\/wp-content\/uploads\/2022\/11\/Manual-de-utilizare-Prefer.pdf&#038;download=true&#038;print=vera&#038;openfile=false\"><\/iframe>\r\n            <\/div>\r\n\t    <\/div>\r\n        \t\t\t\n\t\t\t\t\t\t<style>\r\n            #h5vp69e182b35772c iframe {  width: 100%; }#h5vp69e182b3579f5 iframe {  width: 100%; }        <\/style>\r\n        \t    <div id=\"h5vp69e182b3579f5\" class=\"pdfp_wrapper\">\r\n                        <div class=\"cta_wrapper\">\r\n                \t            <p><a class=\"fullscreenBtn\" href=\"https:\/\/primatech.ro\/wp-content\/plugins\/pdf-poster\/pdfjs\/web\/viewer.html?file=https:\/\/primatech.ro\/wp-content\/uploads\/2023\/06\/Fisa-produs-Prefer-iunie-2023.pdf&#038;download=true&#038;print=vera&#038;openfile=false\"><button>View Fullscreen<\/button><\/a><\/p>\r\n            <\/div>\r\n            <div class=\"iframe_wrapper\">\r\n                <iframe loading=\"lazy\" width=\"100%\" height=\"842px\" src=\"https:\/\/primatech.ro\/wp-content\/plugins\/pdf-poster\/pdfjs\/web\/viewer.html?file=https:\/\/primatech.ro\/wp-content\/uploads\/2023\/06\/Fisa-produs-Prefer-iunie-2023.pdf&#038;download=true&#038;print=vera&#038;openfile=false\"><\/iframe>\r\n            <\/div>\r\n\t    <\/div>\r\n        \t\t\t\n\n<\/div><!-- .vgblk-rw-wrapper -->","protected":false},"excerpt":{"rendered":"<p>Informa\u021bii generale Specifica\u021bii Manual de utilizare Fi\u0219a tehnic\u0103 Calitate &#8211; sigur, fiabil \u015fi durabil \u00een func\u0163ionareDesign simplu &#8211; design modern \u015fi dimensiuni reduseU\u015for de instalat &#8211; nu necesit\u0103 g\u0103urirea peretelui&#8230;<\/p>\n","protected":false},"author":1,"featured_media":0,"parent":0,"menu_order":0,"comment_status":"closed","ping_status":"closed","template":"","meta":{"inline_featured_image":false,"footnotes":""},"yoast_head":"<!-- This site is optimized with the Yoast SEO plugin v22.1 - https:\/\/yoast.com\/wordpress\/plugins\/seo\/ -->\n<title>Prefer - Primatech<\/title>\n<meta name=\"robots\" content=\"index, follow, max-snippet:-1, max-image-preview:large, max-video-preview:-1\" \/>\n<link rel=\"canonical\" href=\"https:\/\/primatech.ro\/?page_id=987731\" \/>\n<meta property=\"og:locale\" content=\"ro_RO\" \/>\n<meta property=\"og:type\" content=\"article\" \/>\n<meta property=\"og:title\" content=\"Prefer - Primatech\" \/>\n<meta property=\"og:description\" content=\"Informa\u021bii generale Specifica\u021bii Manual de utilizare Fi\u0219a tehnic\u0103 Calitate &#8211; sigur, fiabil \u015fi durabil \u00een func\u0163ionareDesign simplu &#8211; design modern \u015fi dimensiuni reduseU\u015for de instalat &#8211; nu necesit\u0103 g\u0103urirea peretelui...\" \/>\n<meta property=\"og:url\" content=\"https:\/\/primatech.ro\/?page_id=987731\" \/>\n<meta property=\"og:site_name\" content=\"Primatech\" \/>\n<meta property=\"article:modified_time\" content=\"2025-03-18T13:31:32+00:00\" \/>\n<meta name=\"twitter:card\" content=\"summary_large_image\" \/>\n<meta name=\"twitter:label1\" content=\"Timp estimat pentru citire\" \/>\n\t<meta name=\"twitter:data1\" content=\"3 minute\" \/>\n<script type=\"application\/ld+json\" class=\"yoast-schema-graph\">{\"@context\":\"https:\/\/schema.org\",\"@graph\":[{\"@type\":\"WebPage\",\"@id\":\"https:\/\/primatech.ro\/?page_id=987731\",\"url\":\"https:\/\/primatech.ro\/?page_id=987731\",\"name\":\"Prefer - Primatech\",\"isPartOf\":{\"@id\":\"https:\/\/primatech.ro\/#website\"},\"datePublished\":\"2022-10-31T09:00:16+00:00\",\"dateModified\":\"2025-03-18T13:31:32+00:00\",\"breadcrumb\":{\"@id\":\"https:\/\/primatech.ro\/?page_id=987731#breadcrumb\"},\"inLanguage\":\"ro-RO\",\"potentialAction\":[{\"@type\":\"ReadAction\",\"target\":[\"https:\/\/primatech.ro\/?page_id=987731\"]}]},{\"@type\":\"BreadcrumbList\",\"@id\":\"https:\/\/primatech.ro\/?page_id=987731#breadcrumb\",\"itemListElement\":[{\"@type\":\"ListItem\",\"position\":1,\"name\":\"Home\",\"item\":\"https:\/\/primatech.ro\/\"},{\"@type\":\"ListItem\",\"position\":2,\"name\":\"Prefer\"}]},{\"@type\":\"WebSite\",\"@id\":\"https:\/\/primatech.ro\/#website\",\"url\":\"https:\/\/primatech.ro\/\",\"name\":\"Primatech\",\"description\":\"\",\"publisher\":{\"@id\":\"https:\/\/primatech.ro\/#organization\"},\"potentialAction\":[{\"@type\":\"SearchAction\",\"target\":{\"@type\":\"EntryPoint\",\"urlTemplate\":\"https:\/\/primatech.ro\/?s={search_term_string}\"},\"query-input\":\"required name=search_term_string\"}],\"inLanguage\":\"ro-RO\"},{\"@type\":\"Organization\",\"@id\":\"https:\/\/primatech.ro\/#organization\",\"name\":\"Primatech\",\"url\":\"https:\/\/primatech.ro\/\",\"logo\":{\"@type\":\"ImageObject\",\"inLanguage\":\"ro-RO\",\"@id\":\"https:\/\/primatech.ro\/#\/schema\/logo\/image\/\",\"url\":\"https:\/\/primatech.ro\/wp-content\/uploads\/2022\/10\/cropped-logo-1.png\",\"contentUrl\":\"https:\/\/primatech.ro\/wp-content\/uploads\/2022\/10\/cropped-logo-1.png\",\"width\":504,\"height\":125,\"caption\":\"Primatech\"},\"image\":{\"@id\":\"https:\/\/primatech.ro\/#\/schema\/logo\/image\/\"}}]}<\/script>\n<!-- \/ Yoast SEO plugin. -->","yoast_head_json":{"title":"Prefer - Primatech","robots":{"index":"index","follow":"follow","max-snippet":"max-snippet:-1","max-image-preview":"max-image-preview:large","max-video-preview":"max-video-preview:-1"},"canonical":"https:\/\/primatech.ro\/?page_id=987731","og_locale":"ro_RO","og_type":"article","og_title":"Prefer - Primatech","og_description":"Informa\u021bii generale Specifica\u021bii Manual de utilizare Fi\u0219a tehnic\u0103 Calitate &#8211; sigur, fiabil \u015fi durabil \u00een func\u0163ionareDesign simplu &#8211; design modern \u015fi dimensiuni reduseU\u015for de instalat &#8211; nu necesit\u0103 g\u0103urirea peretelui...","og_url":"https:\/\/primatech.ro\/?page_id=987731","og_site_name":"Primatech","article_modified_time":"2025-03-18T13:31:32+00:00","twitter_card":"summary_large_image","twitter_misc":{"Timp estimat pentru citire":"3 minute"},"schema":{"@context":"https:\/\/schema.org","@graph":[{"@type":"WebPage","@id":"https:\/\/primatech.ro\/?page_id=987731","url":"https:\/\/primatech.ro\/?page_id=987731","name":"Prefer - Primatech","isPartOf":{"@id":"https:\/\/primatech.ro\/#website"},"datePublished":"2022-10-31T09:00:16+00:00","dateModified":"2025-03-18T13:31:32+00:00","breadcrumb":{"@id":"https:\/\/primatech.ro\/?page_id=987731#breadcrumb"},"inLanguage":"ro-RO","potentialAction":[{"@type":"ReadAction","target":["https:\/\/primatech.ro\/?page_id=987731"]}]},{"@type":"BreadcrumbList","@id":"https:\/\/primatech.ro\/?page_id=987731#breadcrumb","itemListElement":[{"@type":"ListItem","position":1,"name":"Home","item":"https:\/\/primatech.ro\/"},{"@type":"ListItem","position":2,"name":"Prefer"}]},{"@type":"WebSite","@id":"https:\/\/primatech.ro\/#website","url":"https:\/\/primatech.ro\/","name":"Primatech","description":"","publisher":{"@id":"https:\/\/primatech.ro\/#organization"},"potentialAction":[{"@type":"SearchAction","target":{"@type":"EntryPoint","urlTemplate":"https:\/\/primatech.ro\/?s={search_term_string}"},"query-input":"required name=search_term_string"}],"inLanguage":"ro-RO"},{"@type":"Organization","@id":"https:\/\/primatech.ro\/#organization","name":"Primatech","url":"https:\/\/primatech.ro\/","logo":{"@type":"ImageObject","inLanguage":"ro-RO","@id":"https:\/\/primatech.ro\/#\/schema\/logo\/image\/","url":"https:\/\/primatech.ro\/wp-content\/uploads\/2022\/10\/cropped-logo-1.png","contentUrl":"https:\/\/primatech.ro\/wp-content\/uploads\/2022\/10\/cropped-logo-1.png","width":504,"height":125,"caption":"Primatech"},"image":{"@id":"https:\/\/primatech.ro\/#\/schema\/logo\/image\/"}}]}},"jetpack_sharing_enabled":true,"_links":{"self":[{"href":"https:\/\/primatech.ro\/index.php?rest_route=\/wp\/v2\/pages\/987731"}],"collection":[{"href":"https:\/\/primatech.ro\/index.php?rest_route=\/wp\/v2\/pages"}],"about":[{"href":"https:\/\/primatech.ro\/index.php?rest_route=\/wp\/v2\/types\/page"}],"author":[{"embeddable":true,"href":"https:\/\/primatech.ro\/index.php?rest_route=\/wp\/v2\/users\/1"}],"replies":[{"embeddable":true,"href":"https:\/\/primatech.ro\/index.php?rest_route=%2Fwp%2Fv2%2Fcomments&post=987731"}],"version-history":[{"count":9,"href":"https:\/\/primatech.ro\/index.php?rest_route=\/wp\/v2\/pages\/987731\/revisions"}],"predecessor-version":[{"id":988792,"href":"https:\/\/primatech.ro\/index.php?rest_route=\/wp\/v2\/pages\/987731\/revisions\/988792"}],"wp:attachment":[{"href":"https:\/\/primatech.ro\/index.php?rest_route=%2Fwp%2Fv2%2Fmedia&parent=987731"}],"curies":[{"name":"wp","href":"https:\/\/api.w.org\/{rel}","templated":true}]}}