{"id":987729,"date":"2022-10-31T10:59:26","date_gmt":"2022-10-31T08:59:26","guid":{"rendered":"https:\/\/primatech.ro\/?page_id=987729"},"modified":"2025-03-18T15:59:09","modified_gmt":"2025-03-18T13:59:09","slug":"secor-d","status":"publish","type":"page","link":"https:\/\/primatech.ro\/?page_id=987729","title":{"rendered":"Secor [d]"},"content":{"rendered":"<div class=\"vgblk-rw-wrapper limit-wrapper\">\n<h5>\n\t\tCunoscut \u00een anii preceden\u021bi sub denumirea comercial\u0103 de SECOR 2000\n\t<\/h5>\n\t\t\tSpecifica\u021bii \t\t\n\t\t\tManual de utilizare\t\t\n\t\t\tFi\u0219a tehnic\u0103\t\t\n\t\t\tInstructiuni instalare detector\t\t\n\t\t\t\t<p>Senzori: semiconductor SnO2Interval de alarmare CH4 : 3 &#8211; 20% LIEConcentra\u0163ie CO 300 ppm: Alarm\u0103 \u00eenainte de 3 min.Tensiune de alimentare: 230V AC (-15% + 10%)sau 12-24V DCConsum la 12V curent stand-by: Max. 20mACurent alarm\u0103: Max. 50mAAlarm\u0103 local\u0103 sonor\u0103: buzzer piezo, min. 85 dB la 1mAlarm\u0103 local\u0103 optic\u0103: LED-uri: ro\u0219u \u0219i galbenContact releu: NO, COM, NCTemperatura de lucru: &#8211; 10 \u00b0 C p\u00e2n\u0103 la +40 \u00b0 CUmiditate: (f\u0103r\u0103 condensare): 20% \u00f7 90% RHCurent de sarcina contact releu: 8(2)A @ 250VTimp de stabilizare ini\u021bial\u0103: 3 minTemperatura de depozitare: -20 \u00b0 C p\u00e2n\u0103 la +50 \u00b0 CGrad de protec\u021bie: IP42Dimensiuni (L x l x h) : 115mm x 75mm x 43mmCuloare: alb<\/p>\t\t\t\n\t\t\t\t\t\t<style>\r\n            #h5vp69e1830e1574e iframe {  width: 100%; }        <\/style>\r\n        \t    <div id=\"h5vp69e1830e1574e\" class=\"pdfp_wrapper\">\r\n                        <div class=\"cta_wrapper\">\r\n                \t            <p><a class=\"fullscreenBtn\" href=\"https:\/\/primatech.ro\/wp-content\/plugins\/pdf-poster\/pdfjs\/web\/viewer.html?file=https:\/\/primatech.ro\/wp-content\/uploads\/2023\/02\/Manual-detector-dual-SECORd-compressed.pdf&#038;download=true&#038;print=vera&#038;openfile=false\"><button>View Fullscreen<\/button><\/a><\/p>\r\n            <\/div>\r\n            <div class=\"iframe_wrapper\">\r\n                <iframe loading=\"lazy\" width=\"100%\" height=\"842px\" src=\"https:\/\/primatech.ro\/wp-content\/plugins\/pdf-poster\/pdfjs\/web\/viewer.html?file=https:\/\/primatech.ro\/wp-content\/uploads\/2023\/02\/Manual-detector-dual-SECORd-compressed.pdf&#038;download=true&#038;print=vera&#038;openfile=false\"><\/iframe>\r\n            <\/div>\r\n\t    <\/div>\r\n        \t\t\t\n\t\t\t\t\t\t<style>\r\n            #h5vp69e1830e1574e iframe {  width: 100%; }#h5vp69e1830e159cb iframe {  width: 100%; }        <\/style>\r\n        \t    <div id=\"h5vp69e1830e159cb\" class=\"pdfp_wrapper\">\r\n                        <div class=\"cta_wrapper\">\r\n                \t            <p><a class=\"fullscreenBtn\" href=\"https:\/\/primatech.ro\/wp-content\/plugins\/pdf-poster\/pdfjs\/web\/viewer.html?file=https:\/\/primatech.ro\/wp-content\/uploads\/2023\/06\/Fisa-produs-SECORd-0623.pdf&#038;download=true&#038;print=vera&#038;openfile=false\"><button>View Fullscreen<\/button><\/a><\/p>\r\n            <\/div>\r\n            <div class=\"iframe_wrapper\">\r\n                <iframe loading=\"lazy\" width=\"100%\" height=\"842px\" src=\"https:\/\/primatech.ro\/wp-content\/plugins\/pdf-poster\/pdfjs\/web\/viewer.html?file=https:\/\/primatech.ro\/wp-content\/uploads\/2023\/06\/Fisa-produs-SECORd-0623.pdf&#038;download=true&#038;print=vera&#038;openfile=false\"><\/iframe>\r\n            <\/div>\r\n\t    <\/div>\r\n        \t\t\t\n\t\t\t\t\t\t<style>\r\n            #h5vp69e1830e1574e iframe {  width: 100%; }#h5vp69e1830e159cb iframe {  width: 100%; }#h5vp69e1830e15be7 iframe {  width: 100%; }        <\/style>\r\n        \t    <div id=\"h5vp69e1830e15be7\" class=\"pdfp_wrapper\">\r\n                        <div class=\"cta_wrapper\">\r\n                                    <p>File name :  Instructiuni-instalare-detector.pdf<\/p>\r\n                \t            <p><a class=\"fullscreenBtn\" href=\"https:\/\/primatech.ro\/wp-content\/plugins\/pdf-poster\/pdfjs\/web\/viewer.html?file=https:\/\/primatech.ro\/wp-content\/uploads\/2024\/07\/Instructiuni-instalare-detector.pdf&#038;download=true&#038;print=&#038;openfile=false\"><button>View Fullscreen<\/button><\/a><\/p>\r\n            <\/div>\r\n            <div class=\"iframe_wrapper\">\r\n                <iframe loading=\"lazy\" width=\"100%\" height=\"842px\" src=\"https:\/\/primatech.ro\/wp-content\/plugins\/pdf-poster\/pdfjs\/web\/viewer.html?file=https:\/\/primatech.ro\/wp-content\/uploads\/2024\/07\/Instructiuni-instalare-detector.pdf&#038;download=true&#038;print=&#038;openfile=false\"><\/iframe>\r\n            <\/div>\r\n\t    <\/div>\r\n        \t\t\t\n\n<\/div><!-- .vgblk-rw-wrapper -->","protected":false},"excerpt":{"rendered":"<p>Cunoscut \u00een anii preceden\u021bi sub denumirea comercial\u0103 de SECOR 2000 Specifica\u021bii Manual de utilizare Fi\u0219a tehnic\u0103 Instructiuni instalare detector Senzori: semiconductor SnO2Interval de alarmare CH4 : 3 &#8211; 20% LIEConcentra\u0163ie&#8230;<\/p>\n","protected":false},"author":1,"featured_media":0,"parent":0,"menu_order":0,"comment_status":"closed","ping_status":"closed","template":"","meta":{"inline_featured_image":false,"footnotes":""},"yoast_head":"<!-- This site is optimized with the Yoast SEO plugin v22.1 - https:\/\/yoast.com\/wordpress\/plugins\/seo\/ -->\n<title>Secor [d] - Primatech<\/title>\n<meta name=\"robots\" content=\"index, follow, max-snippet:-1, max-image-preview:large, max-video-preview:-1\" \/>\n<link rel=\"canonical\" href=\"https:\/\/primatech.ro\/?page_id=987729\" \/>\n<meta property=\"og:locale\" content=\"ro_RO\" \/>\n<meta property=\"og:type\" content=\"article\" \/>\n<meta property=\"og:title\" content=\"Secor [d] - Primatech\" \/>\n<meta property=\"og:description\" content=\"Cunoscut \u00een anii preceden\u021bi sub denumirea comercial\u0103 de SECOR 2000 Specifica\u021bii Manual de utilizare Fi\u0219a tehnic\u0103 Instructiuni instalare detector Senzori: semiconductor SnO2Interval de alarmare CH4 : 3 &#8211; 20% LIEConcentra\u0163ie...\" \/>\n<meta property=\"og:url\" content=\"https:\/\/primatech.ro\/?page_id=987729\" \/>\n<meta property=\"og:site_name\" content=\"Primatech\" \/>\n<meta property=\"article:modified_time\" content=\"2025-03-18T13:59:09+00:00\" \/>\n<meta name=\"twitter:card\" content=\"summary_large_image\" \/>\n<meta name=\"twitter:label1\" content=\"Timp estimat pentru citire\" \/>\n\t<meta name=\"twitter:data1\" content=\"2 minute\" \/>\n<script type=\"application\/ld+json\" class=\"yoast-schema-graph\">{\"@context\":\"https:\/\/schema.org\",\"@graph\":[{\"@type\":\"WebPage\",\"@id\":\"https:\/\/primatech.ro\/?page_id=987729\",\"url\":\"https:\/\/primatech.ro\/?page_id=987729\",\"name\":\"Secor [d] - Primatech\",\"isPartOf\":{\"@id\":\"https:\/\/primatech.ro\/#website\"},\"datePublished\":\"2022-10-31T08:59:26+00:00\",\"dateModified\":\"2025-03-18T13:59:09+00:00\",\"breadcrumb\":{\"@id\":\"https:\/\/primatech.ro\/?page_id=987729#breadcrumb\"},\"inLanguage\":\"ro-RO\",\"potentialAction\":[{\"@type\":\"ReadAction\",\"target\":[\"https:\/\/primatech.ro\/?page_id=987729\"]}]},{\"@type\":\"BreadcrumbList\",\"@id\":\"https:\/\/primatech.ro\/?page_id=987729#breadcrumb\",\"itemListElement\":[{\"@type\":\"ListItem\",\"position\":1,\"name\":\"Home\",\"item\":\"https:\/\/primatech.ro\/\"},{\"@type\":\"ListItem\",\"position\":2,\"name\":\"Secor [d]\"}]},{\"@type\":\"WebSite\",\"@id\":\"https:\/\/primatech.ro\/#website\",\"url\":\"https:\/\/primatech.ro\/\",\"name\":\"Primatech\",\"description\":\"\",\"publisher\":{\"@id\":\"https:\/\/primatech.ro\/#organization\"},\"potentialAction\":[{\"@type\":\"SearchAction\",\"target\":{\"@type\":\"EntryPoint\",\"urlTemplate\":\"https:\/\/primatech.ro\/?s={search_term_string}\"},\"query-input\":\"required name=search_term_string\"}],\"inLanguage\":\"ro-RO\"},{\"@type\":\"Organization\",\"@id\":\"https:\/\/primatech.ro\/#organization\",\"name\":\"Primatech\",\"url\":\"https:\/\/primatech.ro\/\",\"logo\":{\"@type\":\"ImageObject\",\"inLanguage\":\"ro-RO\",\"@id\":\"https:\/\/primatech.ro\/#\/schema\/logo\/image\/\",\"url\":\"https:\/\/primatech.ro\/wp-content\/uploads\/2022\/10\/cropped-logo-1.png\",\"contentUrl\":\"https:\/\/primatech.ro\/wp-content\/uploads\/2022\/10\/cropped-logo-1.png\",\"width\":504,\"height\":125,\"caption\":\"Primatech\"},\"image\":{\"@id\":\"https:\/\/primatech.ro\/#\/schema\/logo\/image\/\"}}]}<\/script>\n<!-- \/ Yoast SEO plugin. -->","yoast_head_json":{"title":"Secor [d] - Primatech","robots":{"index":"index","follow":"follow","max-snippet":"max-snippet:-1","max-image-preview":"max-image-preview:large","max-video-preview":"max-video-preview:-1"},"canonical":"https:\/\/primatech.ro\/?page_id=987729","og_locale":"ro_RO","og_type":"article","og_title":"Secor [d] - Primatech","og_description":"Cunoscut \u00een anii preceden\u021bi sub denumirea comercial\u0103 de SECOR 2000 Specifica\u021bii Manual de utilizare Fi\u0219a tehnic\u0103 Instructiuni instalare detector Senzori: semiconductor SnO2Interval de alarmare CH4 : 3 &#8211; 20% LIEConcentra\u0163ie...","og_url":"https:\/\/primatech.ro\/?page_id=987729","og_site_name":"Primatech","article_modified_time":"2025-03-18T13:59:09+00:00","twitter_card":"summary_large_image","twitter_misc":{"Timp estimat pentru citire":"2 minute"},"schema":{"@context":"https:\/\/schema.org","@graph":[{"@type":"WebPage","@id":"https:\/\/primatech.ro\/?page_id=987729","url":"https:\/\/primatech.ro\/?page_id=987729","name":"Secor [d] - Primatech","isPartOf":{"@id":"https:\/\/primatech.ro\/#website"},"datePublished":"2022-10-31T08:59:26+00:00","dateModified":"2025-03-18T13:59:09+00:00","breadcrumb":{"@id":"https:\/\/primatech.ro\/?page_id=987729#breadcrumb"},"inLanguage":"ro-RO","potentialAction":[{"@type":"ReadAction","target":["https:\/\/primatech.ro\/?page_id=987729"]}]},{"@type":"BreadcrumbList","@id":"https:\/\/primatech.ro\/?page_id=987729#breadcrumb","itemListElement":[{"@type":"ListItem","position":1,"name":"Home","item":"https:\/\/primatech.ro\/"},{"@type":"ListItem","position":2,"name":"Secor [d]"}]},{"@type":"WebSite","@id":"https:\/\/primatech.ro\/#website","url":"https:\/\/primatech.ro\/","name":"Primatech","description":"","publisher":{"@id":"https:\/\/primatech.ro\/#organization"},"potentialAction":[{"@type":"SearchAction","target":{"@type":"EntryPoint","urlTemplate":"https:\/\/primatech.ro\/?s={search_term_string}"},"query-input":"required name=search_term_string"}],"inLanguage":"ro-RO"},{"@type":"Organization","@id":"https:\/\/primatech.ro\/#organization","name":"Primatech","url":"https:\/\/primatech.ro\/","logo":{"@type":"ImageObject","inLanguage":"ro-RO","@id":"https:\/\/primatech.ro\/#\/schema\/logo\/image\/","url":"https:\/\/primatech.ro\/wp-content\/uploads\/2022\/10\/cropped-logo-1.png","contentUrl":"https:\/\/primatech.ro\/wp-content\/uploads\/2022\/10\/cropped-logo-1.png","width":504,"height":125,"caption":"Primatech"},"image":{"@id":"https:\/\/primatech.ro\/#\/schema\/logo\/image\/"}}]}},"jetpack_sharing_enabled":true,"_links":{"self":[{"href":"https:\/\/primatech.ro\/index.php?rest_route=\/wp\/v2\/pages\/987729"}],"collection":[{"href":"https:\/\/primatech.ro\/index.php?rest_route=\/wp\/v2\/pages"}],"about":[{"href":"https:\/\/primatech.ro\/index.php?rest_route=\/wp\/v2\/types\/page"}],"author":[{"embeddable":true,"href":"https:\/\/primatech.ro\/index.php?rest_route=\/wp\/v2\/users\/1"}],"replies":[{"embeddable":true,"href":"https:\/\/primatech.ro\/index.php?rest_route=%2Fwp%2Fv2%2Fcomments&post=987729"}],"version-history":[{"count":11,"href":"https:\/\/primatech.ro\/index.php?rest_route=\/wp\/v2\/pages\/987729\/revisions"}],"predecessor-version":[{"id":988795,"href":"https:\/\/primatech.ro\/index.php?rest_route=\/wp\/v2\/pages\/987729\/revisions\/988795"}],"wp:attachment":[{"href":"https:\/\/primatech.ro\/index.php?rest_route=%2Fwp%2Fv2%2Fmedia&parent=987729"}],"curies":[{"name":"wp","href":"https:\/\/api.w.org\/{rel}","templated":true}]}}