{"id":987727,"date":"2022-10-31T10:57:42","date_gmt":"2022-10-31T08:57:42","guid":{"rendered":"https:\/\/primatech.ro\/?page_id=987727"},"modified":"2026-01-23T13:59:27","modified_gmt":"2026-01-23T11:59:27","slug":"secor-m","status":"publish","type":"page","link":"https:\/\/primatech.ro\/?page_id=987727","title":{"rendered":"Secor [m]"},"content":{"rendered":"<div class=\"vgblk-rw-wrapper limit-wrapper\">\n<h5>\n\t\tCunoscut \u00een anii preceden\u021bi sub denumirea comercial\u0103 de PREVENT 1279\n\t<\/h5>\n\t\t\tInforma\u021bii generale \t\t\n\t\t\tManual de utilizare\t\t\n\t\t\tFi\u0219a tehnic\u0103\t\t\n\t\t\tInstructiuni instalare detector\t\t\n\t\t\t\t<p><strong>\u00centre\u021binere u\u0219oar\u0103<\/strong> &#8211; ofer\u0103 posibilitatea unei instal\u0103ri u\u015foare, prin simpla conectare a \u015ftecherului la re\u0163ea \u015fi a electrovalvei la conectorul extern;<strong>Configurabil<\/strong> &#8211; disponibil \u015fi \u00een varianta extensibil pentru conectarea \u00een paralel a mai multor detectoare pe o singur\u0103 electrovalv\u0103;<strong>Calitate garantat\u0103<\/strong> &#8211; dispozitiv proiectat \u015fi fabricat cu tehnologii avansate, \u00een conformitate cu standardul EN 50194;<strong>Design simplu<\/strong> &#8211; aspect pl\u0103cut, u\u015for de integrat \u00eentr-un spa\u0163iu de locuit;<strong>Dedicat<\/strong> &#8211; detectorul func\u0163ioneaz\u0103 cu scopul de a detecta scurgeri accidentale de gaz metan la niveluri mult mai mici fa\u0163\u0103 de limita inferioar\u0103 de explozie;<strong>Comanda la distan\u0163\u0103<\/strong> &#8211; furnizeaz\u0103 un semnal de ie\u015fire pentru comanda unei electrovalve care \u00eentrerupe alimentarea cu gaz metan \u00een re\u0163ea;<strong>Dubla alarm\u0103<\/strong> &#8211; \u00een stare de alarm\u0103 furnizeaz\u0103 un semnal vizual (LED) \u015fi un semnal acustic (buzzer)<strong>Auto-diagnostic<\/strong> &#8211; are \u00een componen\u0163\u0103 un sistem de auto-diagnostic pentru verificarea bunei func\u0163ion\u0103ri a detectorului. LED-ul galben aprins indic\u0103 o func\u0163ionare defectuoas\u0103 a detectorului.<strong>Test\/Reset<\/strong> &#8211; dotat cu butonul de Test\/Reset cu dubl\u0103 func\u0163ie: testare periodic\u0103 a func\u0163ion\u0103rii detectorului \u015fi \u00eentreruperea st\u0103rii de alarm\u0103 c\u00e2nd detectorul alarmeaz\u0103 continuu sau \u00een impuls simultan cu buzzer-ul.<\/p>\t\t\t\n\t\t\t\t\t\t<style>\r\n            #h5vp69e18361a48f2 iframe {  width: 100%; }        <\/style>\r\n        \t    <div id=\"h5vp69e18361a48f2\" class=\"pdfp_wrapper\">\r\n                        <div class=\"cta_wrapper\">\r\n                \t            <p><a class=\"fullscreenBtn\" href=\"https:\/\/primatech.ro\/wp-content\/plugins\/pdf-poster\/pdfjs\/web\/viewer.html?file=https:\/\/primatech.ro\/wp-content\/uploads\/2023\/02\/Manual-utilizare-SECORm.pdf&#038;download=true&#038;print=vera&#038;openfile=false\"><button>View Fullscreen<\/button><\/a><\/p>\r\n            <\/div>\r\n            <div class=\"iframe_wrapper\">\r\n                <iframe loading=\"lazy\" width=\"100%\" height=\"842px\" src=\"https:\/\/primatech.ro\/wp-content\/plugins\/pdf-poster\/pdfjs\/web\/viewer.html?file=https:\/\/primatech.ro\/wp-content\/uploads\/2023\/02\/Manual-utilizare-SECORm.pdf&#038;download=true&#038;print=vera&#038;openfile=false\"><\/iframe>\r\n            <\/div>\r\n\t    <\/div>\r\n        \t\t\t\n\t\t\t\t\t\t<style>\r\n            #h5vp69e18361a48f2 iframe {  width: 100%; }#h5vp69e18361a4b70 iframe {  width: 100%; }        <\/style>\r\n        \t    <div id=\"h5vp69e18361a4b70\" class=\"pdfp_wrapper\">\r\n                        <div class=\"cta_wrapper\">\r\n                \t            <p><a class=\"fullscreenBtn\" href=\"https:\/\/primatech.ro\/wp-content\/plugins\/pdf-poster\/pdfjs\/web\/viewer.html?file=https:\/\/primatech.ro\/wp-content\/uploads\/2023\/06\/Fisa-produs-SECORm-iunie-2023.pdf&#038;download=true&#038;print=vera&#038;openfile=false\"><button>View Fullscreen<\/button><\/a><\/p>\r\n            <\/div>\r\n            <div class=\"iframe_wrapper\">\r\n                <iframe loading=\"lazy\" width=\"100%\" height=\"842px\" src=\"https:\/\/primatech.ro\/wp-content\/plugins\/pdf-poster\/pdfjs\/web\/viewer.html?file=https:\/\/primatech.ro\/wp-content\/uploads\/2023\/06\/Fisa-produs-SECORm-iunie-2023.pdf&#038;download=true&#038;print=vera&#038;openfile=false\"><\/iframe>\r\n            <\/div>\r\n\t    <\/div>\r\n        \t\t\t\n\t\t\t\t\t\t<style>\r\n            #h5vp69e18361a48f2 iframe {  width: 100%; }#h5vp69e18361a4b70 iframe {  width: 100%; }#h5vp69e18361a4ddb iframe {  width: 100%; }        <\/style>\r\n        \t    <div id=\"h5vp69e18361a4ddb\" class=\"pdfp_wrapper\">\r\n                        <div class=\"cta_wrapper\">\r\n                                    <p>File name :  Instructiuni-instalare-detector.pdf<\/p>\r\n                \t            <p><a class=\"fullscreenBtn\" href=\"https:\/\/primatech.ro\/wp-content\/plugins\/pdf-poster\/pdfjs\/web\/viewer.html?file=https:\/\/primatech.ro\/wp-content\/uploads\/2024\/07\/Instructiuni-instalare-detector.pdf&#038;download=true&#038;print=&#038;openfile=false\"><button>View Fullscreen<\/button><\/a><\/p>\r\n            <\/div>\r\n            <div class=\"iframe_wrapper\">\r\n                <iframe loading=\"lazy\" width=\"100%\" height=\"842px\" src=\"https:\/\/primatech.ro\/wp-content\/plugins\/pdf-poster\/pdfjs\/web\/viewer.html?file=https:\/\/primatech.ro\/wp-content\/uploads\/2024\/07\/Instructiuni-instalare-detector.pdf&#038;download=true&#038;print=&#038;openfile=false\"><\/iframe>\r\n            <\/div>\r\n\t    <\/div>\r\n        \t\t\t\n\n<\/div><!-- .vgblk-rw-wrapper -->","protected":false},"excerpt":{"rendered":"<p>Cunoscut \u00een anii preceden\u021bi sub denumirea comercial\u0103 de PREVENT 1279 Informa\u021bii generale Manual de utilizare Fi\u0219a tehnic\u0103 Instructiuni instalare detector \u00centre\u021binere u\u0219oar\u0103 &#8211; ofer\u0103 posibilitatea unei instal\u0103ri u\u015foare, prin simpla&#8230;<\/p>\n","protected":false},"author":1,"featured_media":0,"parent":0,"menu_order":0,"comment_status":"closed","ping_status":"closed","template":"","meta":{"inline_featured_image":false,"footnotes":""},"yoast_head":"<!-- This site is optimized with the Yoast SEO plugin v22.1 - https:\/\/yoast.com\/wordpress\/plugins\/seo\/ -->\n<title>Secor [m] - Primatech<\/title>\n<meta name=\"robots\" content=\"index, follow, max-snippet:-1, max-image-preview:large, max-video-preview:-1\" \/>\n<link rel=\"canonical\" href=\"https:\/\/primatech.ro\/?page_id=987727\" \/>\n<meta property=\"og:locale\" content=\"ro_RO\" \/>\n<meta property=\"og:type\" content=\"article\" \/>\n<meta property=\"og:title\" content=\"Secor [m] - Primatech\" \/>\n<meta property=\"og:description\" content=\"Cunoscut \u00een anii preceden\u021bi sub denumirea comercial\u0103 de PREVENT 1279 Informa\u021bii generale Manual de utilizare Fi\u0219a tehnic\u0103 Instructiuni instalare detector \u00centre\u021binere u\u0219oar\u0103 &#8211; ofer\u0103 posibilitatea unei instal\u0103ri u\u015foare, prin simpla...\" \/>\n<meta property=\"og:url\" content=\"https:\/\/primatech.ro\/?page_id=987727\" \/>\n<meta property=\"og:site_name\" content=\"Primatech\" \/>\n<meta property=\"article:modified_time\" content=\"2026-01-23T11:59:27+00:00\" \/>\n<meta name=\"twitter:card\" content=\"summary_large_image\" \/>\n<meta name=\"twitter:label1\" content=\"Timp estimat pentru citire\" \/>\n\t<meta name=\"twitter:data1\" content=\"3 minute\" \/>\n<script type=\"application\/ld+json\" class=\"yoast-schema-graph\">{\"@context\":\"https:\/\/schema.org\",\"@graph\":[{\"@type\":\"WebPage\",\"@id\":\"https:\/\/primatech.ro\/?page_id=987727\",\"url\":\"https:\/\/primatech.ro\/?page_id=987727\",\"name\":\"Secor [m] - Primatech\",\"isPartOf\":{\"@id\":\"https:\/\/primatech.ro\/#website\"},\"datePublished\":\"2022-10-31T08:57:42+00:00\",\"dateModified\":\"2026-01-23T11:59:27+00:00\",\"breadcrumb\":{\"@id\":\"https:\/\/primatech.ro\/?page_id=987727#breadcrumb\"},\"inLanguage\":\"ro-RO\",\"potentialAction\":[{\"@type\":\"ReadAction\",\"target\":[\"https:\/\/primatech.ro\/?page_id=987727\"]}]},{\"@type\":\"BreadcrumbList\",\"@id\":\"https:\/\/primatech.ro\/?page_id=987727#breadcrumb\",\"itemListElement\":[{\"@type\":\"ListItem\",\"position\":1,\"name\":\"Home\",\"item\":\"https:\/\/primatech.ro\/\"},{\"@type\":\"ListItem\",\"position\":2,\"name\":\"Secor [m]\"}]},{\"@type\":\"WebSite\",\"@id\":\"https:\/\/primatech.ro\/#website\",\"url\":\"https:\/\/primatech.ro\/\",\"name\":\"Primatech\",\"description\":\"\",\"publisher\":{\"@id\":\"https:\/\/primatech.ro\/#organization\"},\"potentialAction\":[{\"@type\":\"SearchAction\",\"target\":{\"@type\":\"EntryPoint\",\"urlTemplate\":\"https:\/\/primatech.ro\/?s={search_term_string}\"},\"query-input\":\"required name=search_term_string\"}],\"inLanguage\":\"ro-RO\"},{\"@type\":\"Organization\",\"@id\":\"https:\/\/primatech.ro\/#organization\",\"name\":\"Primatech\",\"url\":\"https:\/\/primatech.ro\/\",\"logo\":{\"@type\":\"ImageObject\",\"inLanguage\":\"ro-RO\",\"@id\":\"https:\/\/primatech.ro\/#\/schema\/logo\/image\/\",\"url\":\"https:\/\/primatech.ro\/wp-content\/uploads\/2022\/10\/cropped-logo-1.png\",\"contentUrl\":\"https:\/\/primatech.ro\/wp-content\/uploads\/2022\/10\/cropped-logo-1.png\",\"width\":504,\"height\":125,\"caption\":\"Primatech\"},\"image\":{\"@id\":\"https:\/\/primatech.ro\/#\/schema\/logo\/image\/\"}}]}<\/script>\n<!-- \/ Yoast SEO plugin. -->","yoast_head_json":{"title":"Secor [m] - Primatech","robots":{"index":"index","follow":"follow","max-snippet":"max-snippet:-1","max-image-preview":"max-image-preview:large","max-video-preview":"max-video-preview:-1"},"canonical":"https:\/\/primatech.ro\/?page_id=987727","og_locale":"ro_RO","og_type":"article","og_title":"Secor [m] - Primatech","og_description":"Cunoscut \u00een anii preceden\u021bi sub denumirea comercial\u0103 de PREVENT 1279 Informa\u021bii generale Manual de utilizare Fi\u0219a tehnic\u0103 Instructiuni instalare detector \u00centre\u021binere u\u0219oar\u0103 &#8211; ofer\u0103 posibilitatea unei instal\u0103ri u\u015foare, prin simpla...","og_url":"https:\/\/primatech.ro\/?page_id=987727","og_site_name":"Primatech","article_modified_time":"2026-01-23T11:59:27+00:00","twitter_card":"summary_large_image","twitter_misc":{"Timp estimat pentru citire":"3 minute"},"schema":{"@context":"https:\/\/schema.org","@graph":[{"@type":"WebPage","@id":"https:\/\/primatech.ro\/?page_id=987727","url":"https:\/\/primatech.ro\/?page_id=987727","name":"Secor [m] - Primatech","isPartOf":{"@id":"https:\/\/primatech.ro\/#website"},"datePublished":"2022-10-31T08:57:42+00:00","dateModified":"2026-01-23T11:59:27+00:00","breadcrumb":{"@id":"https:\/\/primatech.ro\/?page_id=987727#breadcrumb"},"inLanguage":"ro-RO","potentialAction":[{"@type":"ReadAction","target":["https:\/\/primatech.ro\/?page_id=987727"]}]},{"@type":"BreadcrumbList","@id":"https:\/\/primatech.ro\/?page_id=987727#breadcrumb","itemListElement":[{"@type":"ListItem","position":1,"name":"Home","item":"https:\/\/primatech.ro\/"},{"@type":"ListItem","position":2,"name":"Secor [m]"}]},{"@type":"WebSite","@id":"https:\/\/primatech.ro\/#website","url":"https:\/\/primatech.ro\/","name":"Primatech","description":"","publisher":{"@id":"https:\/\/primatech.ro\/#organization"},"potentialAction":[{"@type":"SearchAction","target":{"@type":"EntryPoint","urlTemplate":"https:\/\/primatech.ro\/?s={search_term_string}"},"query-input":"required name=search_term_string"}],"inLanguage":"ro-RO"},{"@type":"Organization","@id":"https:\/\/primatech.ro\/#organization","name":"Primatech","url":"https:\/\/primatech.ro\/","logo":{"@type":"ImageObject","inLanguage":"ro-RO","@id":"https:\/\/primatech.ro\/#\/schema\/logo\/image\/","url":"https:\/\/primatech.ro\/wp-content\/uploads\/2022\/10\/cropped-logo-1.png","contentUrl":"https:\/\/primatech.ro\/wp-content\/uploads\/2022\/10\/cropped-logo-1.png","width":504,"height":125,"caption":"Primatech"},"image":{"@id":"https:\/\/primatech.ro\/#\/schema\/logo\/image\/"}}]}},"jetpack_sharing_enabled":true,"_links":{"self":[{"href":"https:\/\/primatech.ro\/index.php?rest_route=\/wp\/v2\/pages\/987727"}],"collection":[{"href":"https:\/\/primatech.ro\/index.php?rest_route=\/wp\/v2\/pages"}],"about":[{"href":"https:\/\/primatech.ro\/index.php?rest_route=\/wp\/v2\/types\/page"}],"author":[{"embeddable":true,"href":"https:\/\/primatech.ro\/index.php?rest_route=\/wp\/v2\/users\/1"}],"replies":[{"embeddable":true,"href":"https:\/\/primatech.ro\/index.php?rest_route=%2Fwp%2Fv2%2Fcomments&post=987727"}],"version-history":[{"count":12,"href":"https:\/\/primatech.ro\/index.php?rest_route=\/wp\/v2\/pages\/987727\/revisions"}],"predecessor-version":[{"id":988796,"href":"https:\/\/primatech.ro\/index.php?rest_route=\/wp\/v2\/pages\/987727\/revisions\/988796"}],"wp:attachment":[{"href":"https:\/\/primatech.ro\/index.php?rest_route=%2Fwp%2Fv2%2Fmedia&parent=987727"}],"curies":[{"name":"wp","href":"https:\/\/api.w.org\/{rel}","templated":true}]}}