{"id":987721,"date":"2022-10-31T10:55:08","date_gmt":"2022-10-31T08:55:08","guid":{"rendered":"https:\/\/primatech.ro\/?page_id=987721"},"modified":"2025-03-18T15:58:41","modified_gmt":"2025-03-18T13:58:41","slug":"prevent-m","status":"publish","type":"page","link":"https:\/\/primatech.ro\/?page_id=987721","title":{"rendered":"Prevent [m]"},"content":{"rendered":"<div class=\"vgblk-rw-wrapper limit-wrapper\">\n\n\t\t\tInforma\u021bii generale \t\t\n\t\t\tSpecifica\u021bii \t\t\n\t\t\tManual de utilizare\t\t\n\t\t\tFi\u0219a tehnic\u0103\t\t\n\t\t\tInstructiuni instalare detector\t\t\n\t\t\t\t<p><strong>Calitate certificat\u0103<\/strong> &#8211; detector cu certificat Kitemark, acordat de c\u0103tre British Standards Institution, la standardul BS EN 50194 -1:2009<strong>Design simplu<\/strong> &#8211; aspect pl\u0103cut, u\u0219or de integrat \u00eentr-un spa\u021biu de locuit<strong>Dedicat<\/strong> &#8211; detectorul func\u021bioneaz\u0103 cu scopul de a detecta sc\u0103p\u0103ri accidentale de gaz metan la niveluri mult mai mici fa\u021b\u0103 de limita inferioar\u0103 de explozie<strong>Dubl\u0103 alarm\u0103<\/strong> &#8211; \u00een stare de alarm\u0103 furnizeaz\u0103 un semnal vizual (LED ro\u0219u) \u0219i un semnal acustic (buzzer)<strong>Comand\u0103 la distan\u021b\u0103<\/strong> &#8211; furnizeaz\u0103 un semnal de ie\u0219ire pentru comanda unei electrovalve care \u00eentrerupe alimentarea cu gaz metan<strong>Configurabil<\/strong> &#8211; construit astfel \u00eenc\u00e2t permite instalarea unui singur detector pe electrovalv\u0103 sau se pot instala mai multe detectoare pe aceea\u0219i electrovalv\u0103<strong>Auto diagnostic<\/strong> &#8211; are \u00een componen\u021b\u0103 un sistem de auto-diagnostic pentru verificarea bunei func\u021bion\u0103ri a detectorului. LED-ul galben aprins continuu sau \u00een impuls, sincronizat cu buzzerul indic\u0103 o func\u021bionare defectuoas\u0103 a detectorului<strong>Test\/Reset<\/strong> &#8211; dotat cu butonul de Test\/Reset cu dubl\u0103 func\u021bie: testare periodic\u0103 a func\u021bion\u0103rii detectorului \u0219i \u00eentreruperea st\u0103rii de alarm\u0103 c\u00e2nd detectorul alarmeaz\u0103.<\/p>\t\t\t\n\t\t\t\t<p>Senzor: Semiconductor SnO2Tensiune de alimentare: 230V AC (-15%, +10%) 50\/60HzPutere consumat\u0103: 3VAGaz detectat: metanInterval de alarmare: 3% &#8211; 20% LIEPrag de alarmare: 9% LIETimp de stabilizare ini\u021bial : 2 min 30 secDurata de via\u021b\u0103 a senzorului: 5 aniValori nominale de contact releu:8(2)A @ 250V AC SPDT3A @ 250V AC SPST (op\u021bional)Temperatura de lucru: -10\u00b0C \u00f7 +40\u00b0CTemperatura de depozitare: -20\u00b0C \u00f7 +50\u00b0CUmiditate (f\u0103r\u0103 condensare): 20% &#8211; 90% RHGrad de protec\u021bie: IP 42Carcas\u0103: Material: ABS V0Culoare: AlbDimensiuni: 115 x 75 x 43 mm (L x l x h)Greutate: 300gIndicatori:LED Verde: AlimentareLED Ro\u0219u: Alarma vizual\u0103LED Galben:continuu &#8211; defec\u021biuneintermitent la 10 sec &#8211; stare de vegheBUZZER: alarm\u0103 sonor\u0103 &#8211; min. 85 dB la 1m<\/p>\t\t\t\n\t\t\t\t\t\t<style>\r\n            #h5vp69e1830d6595d iframe {  width: 100%; }        <\/style>\r\n        \t    <div id=\"h5vp69e1830d6595d\" class=\"pdfp_wrapper\">\r\n                        <div class=\"cta_wrapper\">\r\n                \t            <p><a class=\"fullscreenBtn\" href=\"https:\/\/primatech.ro\/wp-content\/plugins\/pdf-poster\/pdfjs\/web\/viewer.html?file=https:\/\/primatech.ro\/wp-content\/uploads\/2022\/11\/Manual-de-utilizare-PREVENT-M.pdf&#038;download=true&#038;print=vera&#038;openfile=false\"><button>View Fullscreen<\/button><\/a><\/p>\r\n            <\/div>\r\n            <div class=\"iframe_wrapper\">\r\n                <iframe loading=\"lazy\" width=\"100%\" height=\"842px\" src=\"https:\/\/primatech.ro\/wp-content\/plugins\/pdf-poster\/pdfjs\/web\/viewer.html?file=https:\/\/primatech.ro\/wp-content\/uploads\/2022\/11\/Manual-de-utilizare-PREVENT-M.pdf&#038;download=true&#038;print=vera&#038;openfile=false\"><\/iframe>\r\n            <\/div>\r\n\t    <\/div>\r\n        \t\t\t\n\t\t\t\t\t\t<style>\r\n            #h5vp69e1830d6595d iframe {  width: 100%; }#h5vp69e1830d65bf1 iframe {  width: 100%; }        <\/style>\r\n        \t    <div id=\"h5vp69e1830d65bf1\" class=\"pdfp_wrapper\">\r\n                        <div class=\"cta_wrapper\">\r\n                \t            <p><a class=\"fullscreenBtn\" href=\"https:\/\/primatech.ro\/wp-content\/plugins\/pdf-poster\/pdfjs\/web\/viewer.html?file=https:\/\/primatech.ro\/wp-content\/uploads\/2023\/06\/Fisa-produs-PREVENTm-prk-0623.pdf&#038;download=true&#038;print=vera&#038;openfile=false\"><button>View Fullscreen<\/button><\/a><\/p>\r\n            <\/div>\r\n            <div class=\"iframe_wrapper\">\r\n                <iframe loading=\"lazy\" width=\"100%\" height=\"842px\" src=\"https:\/\/primatech.ro\/wp-content\/plugins\/pdf-poster\/pdfjs\/web\/viewer.html?file=https:\/\/primatech.ro\/wp-content\/uploads\/2023\/06\/Fisa-produs-PREVENTm-prk-0623.pdf&#038;download=true&#038;print=vera&#038;openfile=false\"><\/iframe>\r\n            <\/div>\r\n\t    <\/div>\r\n        \t\t\t\n\t\t\t\t\t\t<style>\r\n            #h5vp69e1830d6595d iframe {  width: 100%; }#h5vp69e1830d65bf1 iframe {  width: 100%; }#h5vp69e1830d65e1c iframe {  width: 100%; }        <\/style>\r\n        \t    <div id=\"h5vp69e1830d65e1c\" class=\"pdfp_wrapper\">\r\n                        <div class=\"cta_wrapper\">\r\n                                    <p>File name :  Instructiuni-instalare-detector.pdf<\/p>\r\n                \t            <p><a class=\"fullscreenBtn\" href=\"https:\/\/primatech.ro\/wp-content\/plugins\/pdf-poster\/pdfjs\/web\/viewer.html?file=https:\/\/primatech.ro\/wp-content\/uploads\/2024\/07\/Instructiuni-instalare-detector.pdf&#038;download=true&#038;print=&#038;openfile=false\"><button>View Fullscreen<\/button><\/a><\/p>\r\n            <\/div>\r\n            <div class=\"iframe_wrapper\">\r\n                <iframe loading=\"lazy\" width=\"100%\" height=\"842px\" src=\"https:\/\/primatech.ro\/wp-content\/plugins\/pdf-poster\/pdfjs\/web\/viewer.html?file=https:\/\/primatech.ro\/wp-content\/uploads\/2024\/07\/Instructiuni-instalare-detector.pdf&#038;download=true&#038;print=&#038;openfile=false\"><\/iframe>\r\n            <\/div>\r\n\t    <\/div>\r\n        \t\t\t\n\n<\/div><!-- .vgblk-rw-wrapper -->","protected":false},"excerpt":{"rendered":"<p>Informa\u021bii generale Specifica\u021bii Manual de utilizare Fi\u0219a tehnic\u0103 Instructiuni instalare detector Calitate certificat\u0103 &#8211; detector cu certificat Kitemark, acordat de c\u0103tre British Standards Institution, la standardul BS EN 50194 -1:2009Design&#8230;<\/p>\n","protected":false},"author":1,"featured_media":0,"parent":0,"menu_order":0,"comment_status":"closed","ping_status":"closed","template":"","meta":{"inline_featured_image":false,"footnotes":""},"yoast_head":"<!-- This site is optimized with the Yoast SEO plugin v22.1 - https:\/\/yoast.com\/wordpress\/plugins\/seo\/ -->\n<title>Prevent [m] - Primatech<\/title>\n<meta name=\"robots\" content=\"index, follow, max-snippet:-1, max-image-preview:large, max-video-preview:-1\" \/>\n<link rel=\"canonical\" href=\"https:\/\/primatech.ro\/?page_id=987721\" \/>\n<meta property=\"og:locale\" content=\"ro_RO\" \/>\n<meta property=\"og:type\" content=\"article\" \/>\n<meta property=\"og:title\" content=\"Prevent [m] - Primatech\" \/>\n<meta property=\"og:description\" content=\"Informa\u021bii generale Specifica\u021bii Manual de utilizare Fi\u0219a tehnic\u0103 Instructiuni instalare detector Calitate certificat\u0103 &#8211; detector cu certificat Kitemark, acordat de c\u0103tre British Standards Institution, la standardul BS EN 50194 -1:2009Design...\" \/>\n<meta property=\"og:url\" content=\"https:\/\/primatech.ro\/?page_id=987721\" \/>\n<meta property=\"og:site_name\" content=\"Primatech\" \/>\n<meta property=\"article:modified_time\" content=\"2025-03-18T13:58:41+00:00\" \/>\n<meta name=\"twitter:card\" content=\"summary_large_image\" \/>\n<meta name=\"twitter:label1\" content=\"Timp estimat pentru citire\" \/>\n\t<meta name=\"twitter:data1\" content=\"3 minute\" \/>\n<script type=\"application\/ld+json\" class=\"yoast-schema-graph\">{\"@context\":\"https:\/\/schema.org\",\"@graph\":[{\"@type\":\"WebPage\",\"@id\":\"https:\/\/primatech.ro\/?page_id=987721\",\"url\":\"https:\/\/primatech.ro\/?page_id=987721\",\"name\":\"Prevent [m] - Primatech\",\"isPartOf\":{\"@id\":\"https:\/\/primatech.ro\/#website\"},\"datePublished\":\"2022-10-31T08:55:08+00:00\",\"dateModified\":\"2025-03-18T13:58:41+00:00\",\"breadcrumb\":{\"@id\":\"https:\/\/primatech.ro\/?page_id=987721#breadcrumb\"},\"inLanguage\":\"ro-RO\",\"potentialAction\":[{\"@type\":\"ReadAction\",\"target\":[\"https:\/\/primatech.ro\/?page_id=987721\"]}]},{\"@type\":\"BreadcrumbList\",\"@id\":\"https:\/\/primatech.ro\/?page_id=987721#breadcrumb\",\"itemListElement\":[{\"@type\":\"ListItem\",\"position\":1,\"name\":\"Home\",\"item\":\"https:\/\/primatech.ro\/\"},{\"@type\":\"ListItem\",\"position\":2,\"name\":\"Prevent [m]\"}]},{\"@type\":\"WebSite\",\"@id\":\"https:\/\/primatech.ro\/#website\",\"url\":\"https:\/\/primatech.ro\/\",\"name\":\"Primatech\",\"description\":\"\",\"publisher\":{\"@id\":\"https:\/\/primatech.ro\/#organization\"},\"potentialAction\":[{\"@type\":\"SearchAction\",\"target\":{\"@type\":\"EntryPoint\",\"urlTemplate\":\"https:\/\/primatech.ro\/?s={search_term_string}\"},\"query-input\":\"required name=search_term_string\"}],\"inLanguage\":\"ro-RO\"},{\"@type\":\"Organization\",\"@id\":\"https:\/\/primatech.ro\/#organization\",\"name\":\"Primatech\",\"url\":\"https:\/\/primatech.ro\/\",\"logo\":{\"@type\":\"ImageObject\",\"inLanguage\":\"ro-RO\",\"@id\":\"https:\/\/primatech.ro\/#\/schema\/logo\/image\/\",\"url\":\"https:\/\/primatech.ro\/wp-content\/uploads\/2022\/10\/cropped-logo-1.png\",\"contentUrl\":\"https:\/\/primatech.ro\/wp-content\/uploads\/2022\/10\/cropped-logo-1.png\",\"width\":504,\"height\":125,\"caption\":\"Primatech\"},\"image\":{\"@id\":\"https:\/\/primatech.ro\/#\/schema\/logo\/image\/\"}}]}<\/script>\n<!-- \/ Yoast SEO plugin. -->","yoast_head_json":{"title":"Prevent [m] - Primatech","robots":{"index":"index","follow":"follow","max-snippet":"max-snippet:-1","max-image-preview":"max-image-preview:large","max-video-preview":"max-video-preview:-1"},"canonical":"https:\/\/primatech.ro\/?page_id=987721","og_locale":"ro_RO","og_type":"article","og_title":"Prevent [m] - Primatech","og_description":"Informa\u021bii generale Specifica\u021bii Manual de utilizare Fi\u0219a tehnic\u0103 Instructiuni instalare detector Calitate certificat\u0103 &#8211; detector cu certificat Kitemark, acordat de c\u0103tre British Standards Institution, la standardul BS EN 50194 -1:2009Design...","og_url":"https:\/\/primatech.ro\/?page_id=987721","og_site_name":"Primatech","article_modified_time":"2025-03-18T13:58:41+00:00","twitter_card":"summary_large_image","twitter_misc":{"Timp estimat pentru citire":"3 minute"},"schema":{"@context":"https:\/\/schema.org","@graph":[{"@type":"WebPage","@id":"https:\/\/primatech.ro\/?page_id=987721","url":"https:\/\/primatech.ro\/?page_id=987721","name":"Prevent [m] - Primatech","isPartOf":{"@id":"https:\/\/primatech.ro\/#website"},"datePublished":"2022-10-31T08:55:08+00:00","dateModified":"2025-03-18T13:58:41+00:00","breadcrumb":{"@id":"https:\/\/primatech.ro\/?page_id=987721#breadcrumb"},"inLanguage":"ro-RO","potentialAction":[{"@type":"ReadAction","target":["https:\/\/primatech.ro\/?page_id=987721"]}]},{"@type":"BreadcrumbList","@id":"https:\/\/primatech.ro\/?page_id=987721#breadcrumb","itemListElement":[{"@type":"ListItem","position":1,"name":"Home","item":"https:\/\/primatech.ro\/"},{"@type":"ListItem","position":2,"name":"Prevent [m]"}]},{"@type":"WebSite","@id":"https:\/\/primatech.ro\/#website","url":"https:\/\/primatech.ro\/","name":"Primatech","description":"","publisher":{"@id":"https:\/\/primatech.ro\/#organization"},"potentialAction":[{"@type":"SearchAction","target":{"@type":"EntryPoint","urlTemplate":"https:\/\/primatech.ro\/?s={search_term_string}"},"query-input":"required name=search_term_string"}],"inLanguage":"ro-RO"},{"@type":"Organization","@id":"https:\/\/primatech.ro\/#organization","name":"Primatech","url":"https:\/\/primatech.ro\/","logo":{"@type":"ImageObject","inLanguage":"ro-RO","@id":"https:\/\/primatech.ro\/#\/schema\/logo\/image\/","url":"https:\/\/primatech.ro\/wp-content\/uploads\/2022\/10\/cropped-logo-1.png","contentUrl":"https:\/\/primatech.ro\/wp-content\/uploads\/2022\/10\/cropped-logo-1.png","width":504,"height":125,"caption":"Primatech"},"image":{"@id":"https:\/\/primatech.ro\/#\/schema\/logo\/image\/"}}]}},"jetpack_sharing_enabled":true,"_links":{"self":[{"href":"https:\/\/primatech.ro\/index.php?rest_route=\/wp\/v2\/pages\/987721"}],"collection":[{"href":"https:\/\/primatech.ro\/index.php?rest_route=\/wp\/v2\/pages"}],"about":[{"href":"https:\/\/primatech.ro\/index.php?rest_route=\/wp\/v2\/types\/page"}],"author":[{"embeddable":true,"href":"https:\/\/primatech.ro\/index.php?rest_route=\/wp\/v2\/users\/1"}],"replies":[{"embeddable":true,"href":"https:\/\/primatech.ro\/index.php?rest_route=%2Fwp%2Fv2%2Fcomments&post=987721"}],"version-history":[{"count":10,"href":"https:\/\/primatech.ro\/index.php?rest_route=\/wp\/v2\/pages\/987721\/revisions"}],"predecessor-version":[{"id":988794,"href":"https:\/\/primatech.ro\/index.php?rest_route=\/wp\/v2\/pages\/987721\/revisions\/988794"}],"wp:attachment":[{"href":"https:\/\/primatech.ro\/index.php?rest_route=%2Fwp%2Fv2%2Fmedia&parent=987721"}],"curies":[{"name":"wp","href":"https:\/\/api.w.org\/{rel}","templated":true}]}}