{"id":987707,"date":"2022-10-28T16:35:39","date_gmt":"2022-10-28T13:35:39","guid":{"rendered":"https:\/\/primatech.ro\/?page_id=987707"},"modified":"2025-11-07T15:26:22","modified_gmt":"2025-11-07T13:26:22","slug":"detectoare","status":"publish","type":"page","link":"https:\/\/primatech.ro\/?page_id=987707","title":{"rendered":"Detectoare"},"content":{"rendered":"<div class=\"vgblk-rw-wrapper limit-wrapper\">\n\n\t<p>Primatech inoveaz\u0103, proiecteaz\u0103 \u0219i fabric\u0103 detectoare ce previn \u00een principal dou\u0103 tipuri de scenarii de risc: exploziile cauzate de scurgeri de gaz metan \u0219i asfixierea cu monoxid de carbon. Detectoarele de gaz metan poart\u0103 simbolul [m], iar cele pentru monoxid de carbon pot fi identificate dup\u0103 simbolul [c]. O parte dintre produsele noastre sunt concepute s\u0103 detecteze ambele tipuri de riscuri &#8211; acestea sunt detectoarele duale, u\u0219or de recunoscut dup\u0103 denumirea [d].<\/p>\n\t\t\t\t<a href=\"https:\/\/primatech.ro\/?page_id=987709\" target=\"_self\" itemprop=\"url\" rel=\"noopener\">\n\t\t\t\t\t\t\t<img loading=\"lazy\" decoding=\"async\" src=\"https:\/\/primatech.ro\/wp-content\/uploads\/2022\/11\/toate.jpg\" alt=\"toate\" itemprop=\"image\" height=\"770\" width=\"1500\" data-link-type=\"url\" title=\"toate\" onerror=\"this.style.display='none'\"  sizes=\"(max-width: 768px) 100vw, 100vw\" srcset=\"https:\/\/primatech.ro\/wp-content\/uploads\/2022\/11\/toate.jpg 1500w, https:\/\/primatech.ro\/wp-content\/uploads\/2022\/11\/toate-300x154.jpg 300w, https:\/\/primatech.ro\/wp-content\/uploads\/2022\/11\/toate-1024x526.jpg 1024w, https:\/\/primatech.ro\/wp-content\/uploads\/2022\/11\/toate-768x394.jpg 768w, https:\/\/primatech.ro\/wp-content\/uploads\/2022\/11\/toate-1260x647.jpg 1260w, https:\/\/primatech.ro\/wp-content\/uploads\/2022\/11\/toate-630x323.jpg 630w, https:\/\/primatech.ro\/wp-content\/uploads\/2022\/11\/toate-420x216.jpg 420w, https:\/\/primatech.ro\/wp-content\/uploads\/2022\/11\/toate-840x431.jpg 840w, https:\/\/primatech.ro\/wp-content\/uploads\/2022\/11\/toate-315x162.jpg 315w\" \/>\t\t\t\t\t\t<\/a>\n\t\t\t<a href=\"https:\/\/primatech.ro\/?page_id=987709\" target=\"_self\" role=\"button\" rel=\"noopener\">\n\t\t\t\t\t\t\tVede\u021bi detectoarele pentru Gaz Metan\n\t\t\t<\/a>\n\t\t\t\t<a href=\"https:\/\/primatech.ro\/?page_id=987711\" target=\"_self\" itemprop=\"url\" rel=\"noopener\">\n\t\t\t\t\t\t\t<img loading=\"lazy\" decoding=\"async\" src=\"https:\/\/primatech.ro\/wp-content\/uploads\/2022\/11\/1500-x-770-monoxid.jpg\" alt=\"1500 x 770 monoxid\" itemprop=\"image\" height=\"770\" width=\"1500\" data-link-type=\"url\" title=\"1500 x 770 monoxid\" onerror=\"this.style.display='none'\"  sizes=\"(max-width: 768px) 100vw, 100vw\" srcset=\"https:\/\/primatech.ro\/wp-content\/uploads\/2022\/11\/1500-x-770-monoxid.jpg 1500w, https:\/\/primatech.ro\/wp-content\/uploads\/2022\/11\/1500-x-770-monoxid-300x154.jpg 300w, https:\/\/primatech.ro\/wp-content\/uploads\/2022\/11\/1500-x-770-monoxid-1024x526.jpg 1024w, https:\/\/primatech.ro\/wp-content\/uploads\/2022\/11\/1500-x-770-monoxid-768x394.jpg 768w, https:\/\/primatech.ro\/wp-content\/uploads\/2022\/11\/1500-x-770-monoxid-1260x647.jpg 1260w, https:\/\/primatech.ro\/wp-content\/uploads\/2022\/11\/1500-x-770-monoxid-630x323.jpg 630w, https:\/\/primatech.ro\/wp-content\/uploads\/2022\/11\/1500-x-770-monoxid-420x216.jpg 420w, https:\/\/primatech.ro\/wp-content\/uploads\/2022\/11\/1500-x-770-monoxid-840x431.jpg 840w, https:\/\/primatech.ro\/wp-content\/uploads\/2022\/11\/1500-x-770-monoxid-315x162.jpg 315w\" \/>\t\t\t\t\t\t<\/a>\n\t\t\t<a href=\"https:\/\/primatech.ro\/?page_id=987711\" target=\"_self\" role=\"button\" rel=\"noopener\">\n\t\t\t\t\t\t\tVede\u021bi detectoarele pentru Monoxid de Carbon\n\t\t\t<\/a>\n<h4>\n\t\tTimp de dou\u0103 decenii am perfectat solu\u021bii sigure \u0219i stabile pentru detec\u021bia de gaz metan &#8211; acum e timpul s\u0103 ducem totul la un alt nivel.\n\t<\/h4>\n\t<p>Astfel, am ad\u0103ugat noi mize pentru sistemul de detec\u021bie al viitorului: s\u0103 fie \u0219i mai u\u0219or de instalat, f\u0103r\u0103 fire pe pere\u021bi, scalabil, flexibil \u0219i configurabil.<\/p>\n<p>Un sistem WIRELESS gandit din start pentru scalabilitate \u0219i IoT. Dar cel mai important, un sistem #maimultdecatsigur.<\/p>\n<p>Descoperi\u021bi-l pe <a href=\"https:\/\/primatech.ro\/air-mesh\/\">www.primatech.ro\/airmesh<\/a><\/p>\n\t\t\t\t<a href=\"https:\/\/primatech.ro\/air-mesh\/\" target=\"_self\" itemprop=\"url\" rel=\"noopener\">\n\t\t\t\t\t\t\t<img loading=\"lazy\" decoding=\"async\" src=\"https:\/\/primatech.ro\/wp-content\/uploads\/2022\/10\/sita-Cu-detalii-o.png\" alt=\"sita Cu detalii-o\" itemprop=\"image\" height=\"659\" width=\"1260\" data-link-type=\"url\" title=\"sita Cu detalii-o\" onerror=\"this.style.display='none'\"  sizes=\"(max-width: 768px) 100vw, 100vw\" srcset=\"https:\/\/primatech.ro\/wp-content\/uploads\/2022\/10\/sita-Cu-detalii-o.png 1260w, https:\/\/primatech.ro\/wp-content\/uploads\/2022\/10\/sita-Cu-detalii-o-300x157.png 300w, https:\/\/primatech.ro\/wp-content\/uploads\/2022\/10\/sita-Cu-detalii-o-1024x536.png 1024w, https:\/\/primatech.ro\/wp-content\/uploads\/2022\/10\/sita-Cu-detalii-o-768x402.png 768w, https:\/\/primatech.ro\/wp-content\/uploads\/2022\/10\/sita-Cu-detalii-o-630x330.png 630w, https:\/\/primatech.ro\/wp-content\/uploads\/2022\/10\/sita-Cu-detalii-o-420x220.png 420w, https:\/\/primatech.ro\/wp-content\/uploads\/2022\/10\/sita-Cu-detalii-o-840x439.png 840w, https:\/\/primatech.ro\/wp-content\/uploads\/2022\/10\/sita-Cu-detalii-o-315x165.png 315w\" \/>\t\t\t\t\t\t<\/a>\n\t\t\t<a href=\"https:\/\/primatech.ro\/air-mesh\/\" target=\"_self\" role=\"button\" rel=\"noopener\">\n\t\t\t\t\t\t\tVede\u021bi detectoarele Wireless\n\t\t\t<\/a>\n\t<p>\u00cen plus, Primatech dezvolt\u0103 solu\u021bii pentru detectarea inunda\u021biilor sau cutremurelor, aloc\u00e2nd game speciale acestor tipuri de riscuri. Pentru detalii \u0219i oferta complet\u0103, ne puteti contacta la telefon, prin email sau folosind formularul de pe site.<\/p>\n\n<\/div><!-- .vgblk-rw-wrapper -->","protected":false},"excerpt":{"rendered":"<p>Primatech inoveaz\u0103, proiecteaz\u0103 \u0219i fabric\u0103 detectoare ce previn \u00een principal dou\u0103 tipuri de scenarii de risc: exploziile cauzate de scurgeri de gaz metan \u0219i asfixierea cu monoxid de carbon. Detectoarele&#8230;<\/p>\n","protected":false},"author":1,"featured_media":0,"parent":0,"menu_order":0,"comment_status":"closed","ping_status":"closed","template":"","meta":{"inline_featured_image":false,"footnotes":""},"yoast_head":"<!-- This site is optimized with the Yoast SEO plugin v22.1 - https:\/\/yoast.com\/wordpress\/plugins\/seo\/ -->\n<title>Detectoare - Primatech<\/title>\n<meta name=\"robots\" content=\"index, follow, max-snippet:-1, max-image-preview:large, max-video-preview:-1\" \/>\n<link rel=\"canonical\" href=\"https:\/\/primatech.ro\/?page_id=987707\" \/>\n<meta property=\"og:locale\" content=\"ro_RO\" \/>\n<meta property=\"og:type\" content=\"article\" \/>\n<meta property=\"og:title\" content=\"Detectoare - Primatech\" \/>\n<meta property=\"og:description\" content=\"Primatech inoveaz\u0103, proiecteaz\u0103 \u0219i fabric\u0103 detectoare ce previn \u00een principal dou\u0103 tipuri de scenarii de risc: exploziile cauzate de scurgeri de gaz metan \u0219i asfixierea cu monoxid de carbon. Detectoarele...\" \/>\n<meta property=\"og:url\" content=\"https:\/\/primatech.ro\/?page_id=987707\" \/>\n<meta property=\"og:site_name\" content=\"Primatech\" \/>\n<meta property=\"article:modified_time\" content=\"2025-11-07T13:26:22+00:00\" \/>\n<meta property=\"og:image\" content=\"https:\/\/primatech.ro\/wp-content\/uploads\/2022\/11\/toate.jpg\" \/>\n<meta name=\"twitter:card\" content=\"summary_large_image\" \/>\n<meta name=\"twitter:label1\" content=\"Timp estimat pentru citire\" \/>\n\t<meta name=\"twitter:data1\" content=\"2 minute\" \/>\n<script type=\"application\/ld+json\" class=\"yoast-schema-graph\">{\"@context\":\"https:\/\/schema.org\",\"@graph\":[{\"@type\":\"WebPage\",\"@id\":\"https:\/\/primatech.ro\/?page_id=987707\",\"url\":\"https:\/\/primatech.ro\/?page_id=987707\",\"name\":\"Detectoare - Primatech\",\"isPartOf\":{\"@id\":\"https:\/\/primatech.ro\/#website\"},\"datePublished\":\"2022-10-28T13:35:39+00:00\",\"dateModified\":\"2025-11-07T13:26:22+00:00\",\"breadcrumb\":{\"@id\":\"https:\/\/primatech.ro\/?page_id=987707#breadcrumb\"},\"inLanguage\":\"ro-RO\",\"potentialAction\":[{\"@type\":\"ReadAction\",\"target\":[\"https:\/\/primatech.ro\/?page_id=987707\"]}]},{\"@type\":\"BreadcrumbList\",\"@id\":\"https:\/\/primatech.ro\/?page_id=987707#breadcrumb\",\"itemListElement\":[{\"@type\":\"ListItem\",\"position\":1,\"name\":\"Home\",\"item\":\"https:\/\/primatech.ro\/\"},{\"@type\":\"ListItem\",\"position\":2,\"name\":\"Detectoare\"}]},{\"@type\":\"WebSite\",\"@id\":\"https:\/\/primatech.ro\/#website\",\"url\":\"https:\/\/primatech.ro\/\",\"name\":\"Primatech\",\"description\":\"\",\"publisher\":{\"@id\":\"https:\/\/primatech.ro\/#organization\"},\"potentialAction\":[{\"@type\":\"SearchAction\",\"target\":{\"@type\":\"EntryPoint\",\"urlTemplate\":\"https:\/\/primatech.ro\/?s={search_term_string}\"},\"query-input\":\"required name=search_term_string\"}],\"inLanguage\":\"ro-RO\"},{\"@type\":\"Organization\",\"@id\":\"https:\/\/primatech.ro\/#organization\",\"name\":\"Primatech\",\"url\":\"https:\/\/primatech.ro\/\",\"logo\":{\"@type\":\"ImageObject\",\"inLanguage\":\"ro-RO\",\"@id\":\"https:\/\/primatech.ro\/#\/schema\/logo\/image\/\",\"url\":\"https:\/\/primatech.ro\/wp-content\/uploads\/2022\/10\/cropped-logo-1.png\",\"contentUrl\":\"https:\/\/primatech.ro\/wp-content\/uploads\/2022\/10\/cropped-logo-1.png\",\"width\":504,\"height\":125,\"caption\":\"Primatech\"},\"image\":{\"@id\":\"https:\/\/primatech.ro\/#\/schema\/logo\/image\/\"}}]}<\/script>\n<!-- \/ Yoast SEO plugin. -->","yoast_head_json":{"title":"Detectoare - Primatech","robots":{"index":"index","follow":"follow","max-snippet":"max-snippet:-1","max-image-preview":"max-image-preview:large","max-video-preview":"max-video-preview:-1"},"canonical":"https:\/\/primatech.ro\/?page_id=987707","og_locale":"ro_RO","og_type":"article","og_title":"Detectoare - Primatech","og_description":"Primatech inoveaz\u0103, proiecteaz\u0103 \u0219i fabric\u0103 detectoare ce previn \u00een principal dou\u0103 tipuri de scenarii de risc: exploziile cauzate de scurgeri de gaz metan \u0219i asfixierea cu monoxid de carbon. Detectoarele...","og_url":"https:\/\/primatech.ro\/?page_id=987707","og_site_name":"Primatech","article_modified_time":"2025-11-07T13:26:22+00:00","og_image":[{"url":"https:\/\/primatech.ro\/wp-content\/uploads\/2022\/11\/toate.jpg"}],"twitter_card":"summary_large_image","twitter_misc":{"Timp estimat pentru citire":"2 minute"},"schema":{"@context":"https:\/\/schema.org","@graph":[{"@type":"WebPage","@id":"https:\/\/primatech.ro\/?page_id=987707","url":"https:\/\/primatech.ro\/?page_id=987707","name":"Detectoare - Primatech","isPartOf":{"@id":"https:\/\/primatech.ro\/#website"},"datePublished":"2022-10-28T13:35:39+00:00","dateModified":"2025-11-07T13:26:22+00:00","breadcrumb":{"@id":"https:\/\/primatech.ro\/?page_id=987707#breadcrumb"},"inLanguage":"ro-RO","potentialAction":[{"@type":"ReadAction","target":["https:\/\/primatech.ro\/?page_id=987707"]}]},{"@type":"BreadcrumbList","@id":"https:\/\/primatech.ro\/?page_id=987707#breadcrumb","itemListElement":[{"@type":"ListItem","position":1,"name":"Home","item":"https:\/\/primatech.ro\/"},{"@type":"ListItem","position":2,"name":"Detectoare"}]},{"@type":"WebSite","@id":"https:\/\/primatech.ro\/#website","url":"https:\/\/primatech.ro\/","name":"Primatech","description":"","publisher":{"@id":"https:\/\/primatech.ro\/#organization"},"potentialAction":[{"@type":"SearchAction","target":{"@type":"EntryPoint","urlTemplate":"https:\/\/primatech.ro\/?s={search_term_string}"},"query-input":"required name=search_term_string"}],"inLanguage":"ro-RO"},{"@type":"Organization","@id":"https:\/\/primatech.ro\/#organization","name":"Primatech","url":"https:\/\/primatech.ro\/","logo":{"@type":"ImageObject","inLanguage":"ro-RO","@id":"https:\/\/primatech.ro\/#\/schema\/logo\/image\/","url":"https:\/\/primatech.ro\/wp-content\/uploads\/2022\/10\/cropped-logo-1.png","contentUrl":"https:\/\/primatech.ro\/wp-content\/uploads\/2022\/10\/cropped-logo-1.png","width":504,"height":125,"caption":"Primatech"},"image":{"@id":"https:\/\/primatech.ro\/#\/schema\/logo\/image\/"}}]}},"jetpack_sharing_enabled":true,"_links":{"self":[{"href":"https:\/\/primatech.ro\/index.php?rest_route=\/wp\/v2\/pages\/987707"}],"collection":[{"href":"https:\/\/primatech.ro\/index.php?rest_route=\/wp\/v2\/pages"}],"about":[{"href":"https:\/\/primatech.ro\/index.php?rest_route=\/wp\/v2\/types\/page"}],"author":[{"embeddable":true,"href":"https:\/\/primatech.ro\/index.php?rest_route=\/wp\/v2\/users\/1"}],"replies":[{"embeddable":true,"href":"https:\/\/primatech.ro\/index.php?rest_route=%2Fwp%2Fv2%2Fcomments&post=987707"}],"version-history":[{"count":7,"href":"https:\/\/primatech.ro\/index.php?rest_route=\/wp\/v2\/pages\/987707\/revisions"}],"predecessor-version":[{"id":988837,"href":"https:\/\/primatech.ro\/index.php?rest_route=\/wp\/v2\/pages\/987707\/revisions\/988837"}],"wp:attachment":[{"href":"https:\/\/primatech.ro\/index.php?rest_route=%2Fwp%2Fv2%2Fmedia&parent=987707"}],"curies":[{"name":"wp","href":"https:\/\/api.w.org\/{rel}","templated":true}]}}