{"id":987701,"date":"2022-10-28T16:26:52","date_gmt":"2022-10-28T13:26:52","guid":{"rendered":"https:\/\/primatech.ro\/?page_id=987701"},"modified":"2023-07-28T10:55:02","modified_gmt":"2023-07-28T07:55:02","slug":"istoric","status":"publish","type":"page","link":"https:\/\/primatech.ro\/?page_id=987701","title":{"rendered":"Istoric"},"content":{"rendered":"<div class=\"vgblk-rw-wrapper limit-wrapper\">\n\n\t<h3>Evenimente importante din existen\u021ba Primatech<\/h3>\n<h2>\n\t\t2022\n\t<\/h2>\n\t<p>Medalia de Aur Ecovadis &#8211; pentru realizarile noastre in ceea ce priveste Responsabilitatea Sociala Corporativa (CSR), la evaluarea realizata de Ecovadis. Suntem in primele 3% dintre companiile evaluate de EcoVadis in acest domeniu de activitate.<\/p>\n\t<p>Recertific\u0103m sistemul de management integrat cu TUV Rheinland<\/p>\n\t<p>Lansare sistem wireless de detec\u021bie pentru gaz metan Prefer AirMesh<\/p>\n\t<p>Certificare detector wireless PREVENT [m] Air &#8211; cu licen\u0163a Kitemark la BS EN 50194-1:2009<\/p>\n\t<p>PREVENT[c] certificare Kitemark la noul standard BS EN 50291-1:2018<\/p>\n\t<p>PREVENT[d] certificare Kitemark la standardele BS EN 50291-1:2018 \u0219i BS EN 50194-1:2009<\/p>\n<h2>\n\t\t2021\n\t<\/h2>\n\t<p>Medalia de Aur Ecovadis &#8211;\u00a0pentru realizarile noastre in ceea ce priveste Responsabilitatea Sociala Corporativa (CSR), la evaluarea realizata de Ecovadis. Suntem in primele 3% dintre companiile evaluate de EcoVadis in acest domeniu de activitate.<\/p>\n<h2>\n\t\t2020\n\t<\/h2>\n\t<p>Medalia de Argint Ecovadis &#8211; pentru realizarile noastre in ceea ce priveste Responsabilitatea Sociala Corporativa (CSR), la evaluarea realizata de Ecovadis. Suntem in primele 7% dintre companiile evaluate de EcoVadis in acest domeniu de activitate.<\/p>\n<p>&nbsp;<\/p>\n<p>Recertificarea de catre T\u00dcV Rheinland la noul standard ISO 45001:2018<\/p>\n<h2>\n\t\t2019\n\t<\/h2>\n\t<p>Recertificarea sistemului de management integrat cu T\u00dcV Rheinland la standardele ISO 9001:2015, ISO 14001:2015 \u0219i men\u021binerea certific\u0103rii la standardul SR OHSAS 18001:2008<\/p>\n<h2>\n\t\t2018\n\t<\/h2>\n\t<p>Parteneriat cu MRU GmbH Germania<\/p>\n<h2>\n\t\t2017\n\t<\/h2>\n\t<p>Am devenit membru cu drepturi depline al CoGDEM &#8211; \u201eThe Council of Gas Detection and Environmental Monitoring&#8221; (Consiliul Detec\u021biei de Gaze \u0219i Monitoriz\u0103rii Mediului)<\/p>\n<h2>\n\t\t2016\n\t<\/h2>\n\t<p>Recertific\u0103m sistemul de management integrat cu TUV Rheinland la noile standarde ISO 9001:2015, ISO 14001:2015 \u0219i men\u021binerea certific\u0103rii la standardul SR OHSAS 18001:2008<\/p>\n<h2>\n\t\t2015\n\t<\/h2>\n\t<p>PREVENT [d] prime\u0219te licen\u021ba Kitemark la BS EN 50291-1:2010 \u0219i BS EN 50194-1:2009<\/p>\n\t<p>Gama PREVENT 2000x devine: PREVENT [m], PREVENT [c] \u0219i PREVENT [d], detectoare certificate Kitemark \/ British Standards Institution<\/p>\n<h2>\n\t\t2014\n\t<\/h2>\n\t<p>Re\u00eennoim licen\u021ba Kitemark pentru PREVENT 2000C la BS EN 50291-1:2010<\/p>\n<h2>\n\t\t2013\n\t<\/h2>\n\t<p>Re\u00eennoim licen\u021ba Kitemark pentru PREVENT 2000M la BS EN 50194-1:2009<\/p>\n\t<p>Recertific\u0103m sistemul de management integrat cu TUV Rheinland<\/p>\n<h2>\n\t\t2012\n\t<\/h2>\n\t<p>PREVENT 2000C prime\u0219te licen\u021ba Kitemark &#8211; certificare la BS EN 50291<\/p>\n\t<p>Lansare sistemele de protec\u021bie cu detector de gaz metan HAIDUC<\/p>\n\t<p>Lansare idCO, detector portabil de monoxid de carbon (CO)<\/p>\n<h2>\n\t\t2010\n\t<\/h2>\n\t<p>Certificare ISO 14001 \u0219i OHSAS 18001<\/p>\n\t<p>Parteneriat cu Mertik Maxitrol Germania<\/p>\n\t<p>Lansare gasID (detector portabil de gaze combustibile)<\/p>\n\t<p>Lansare PREVENT 2000C, detector de monoxid de carbon (CO)<\/p>\n<h2>\n\t\t2009\n\t<\/h2>\n\t<p>Exclusivitate \u00een Romania pentru produsele Elektrogas Italia<\/p>\n<h2>\n\t\t2008\n\t<\/h2>\n\t<p>Lansare PREVENT 1279 &#8211; detector de gaz metan<\/p>\n\t<p>PREVENT 2000M prime\u0219te licen\u021ba Kitemark &#8211; certificare la BS EN 50194<\/p>\n<h2>\n\t\t2007\n\t<\/h2>\n\t<p>Parteneriat cu Bacharach Inc. USA<\/p>\n<h2>\n\t\t2005\n\t<\/h2>\n\t<p>Lansare PREVENT 2000M &#8211; detector de gaz metan<\/p>\n<h2>\n\t\t2003\n\t<\/h2>\n\t<p>Lansare detectoarele de gaze combustibile ESM 850M \u0219i ESM 1500M<\/p>\n<h2>\n\t\t2002\n\t<\/h2>\n\t<p>Lansare SECOR 2000, detector dual \u0219i SMART 1400 (detector de inunda\u021bii)<\/p>\n<h2>\n\t\t2001\n\t<\/h2>\n\t<p>Lansare linia SECOR (779, 850, 1000) pentru gaz metan, CO \u0219i dual<\/p>\n\t<p>Prima certificare ISO 9001<\/p>\n<h2>\n\t\t1999\n\t<\/h2>\n\t<p>\u00cenfiin\u021b\u0103m Primatech, produc\u0103tor specializat exclusiv \u00een detec\u021bia gazelor<\/p>\n\n<\/div><!-- .vgblk-rw-wrapper -->","protected":false},"excerpt":{"rendered":"<p>Evenimente importante din existen\u021ba Primatech 2022 Medalia de Aur Ecovadis &#8211; pentru realizarile noastre in ceea ce priveste Responsabilitatea Sociala Corporativa (CSR), la evaluarea realizata de Ecovadis. Suntem in primele&#8230;<\/p>\n","protected":false},"author":1,"featured_media":0,"parent":0,"menu_order":0,"comment_status":"closed","ping_status":"closed","template":"","meta":{"inline_featured_image":false,"footnotes":""},"yoast_head":"<!-- This site is optimized with the Yoast SEO plugin v22.1 - https:\/\/yoast.com\/wordpress\/plugins\/seo\/ -->\n<title>Istoric - Primatech<\/title>\n<meta name=\"robots\" content=\"index, follow, max-snippet:-1, max-image-preview:large, max-video-preview:-1\" \/>\n<link rel=\"canonical\" href=\"https:\/\/primatech.ro\/?page_id=987701\" \/>\n<meta property=\"og:locale\" content=\"ro_RO\" \/>\n<meta property=\"og:type\" content=\"article\" \/>\n<meta property=\"og:title\" content=\"Istoric - Primatech\" \/>\n<meta property=\"og:description\" content=\"Evenimente importante din existen\u021ba Primatech 2022 Medalia de Aur Ecovadis &#8211; pentru realizarile noastre in ceea ce priveste Responsabilitatea Sociala Corporativa (CSR), la evaluarea realizata de Ecovadis. Suntem in primele...\" \/>\n<meta property=\"og:url\" content=\"https:\/\/primatech.ro\/?page_id=987701\" \/>\n<meta property=\"og:site_name\" content=\"Primatech\" \/>\n<meta property=\"article:modified_time\" content=\"2023-07-28T07:55:02+00:00\" \/>\n<meta name=\"twitter:card\" content=\"summary_large_image\" \/>\n<script type=\"application\/ld+json\" class=\"yoast-schema-graph\">{\"@context\":\"https:\/\/schema.org\",\"@graph\":[{\"@type\":\"WebPage\",\"@id\":\"https:\/\/primatech.ro\/?page_id=987701\",\"url\":\"https:\/\/primatech.ro\/?page_id=987701\",\"name\":\"Istoric - Primatech\",\"isPartOf\":{\"@id\":\"https:\/\/primatech.ro\/#website\"},\"datePublished\":\"2022-10-28T13:26:52+00:00\",\"dateModified\":\"2023-07-28T07:55:02+00:00\",\"breadcrumb\":{\"@id\":\"https:\/\/primatech.ro\/?page_id=987701#breadcrumb\"},\"inLanguage\":\"ro-RO\",\"potentialAction\":[{\"@type\":\"ReadAction\",\"target\":[\"https:\/\/primatech.ro\/?page_id=987701\"]}]},{\"@type\":\"BreadcrumbList\",\"@id\":\"https:\/\/primatech.ro\/?page_id=987701#breadcrumb\",\"itemListElement\":[{\"@type\":\"ListItem\",\"position\":1,\"name\":\"Home\",\"item\":\"https:\/\/primatech.ro\/\"},{\"@type\":\"ListItem\",\"position\":2,\"name\":\"Istoric\"}]},{\"@type\":\"WebSite\",\"@id\":\"https:\/\/primatech.ro\/#website\",\"url\":\"https:\/\/primatech.ro\/\",\"name\":\"Primatech\",\"description\":\"\",\"publisher\":{\"@id\":\"https:\/\/primatech.ro\/#organization\"},\"potentialAction\":[{\"@type\":\"SearchAction\",\"target\":{\"@type\":\"EntryPoint\",\"urlTemplate\":\"https:\/\/primatech.ro\/?s={search_term_string}\"},\"query-input\":\"required name=search_term_string\"}],\"inLanguage\":\"ro-RO\"},{\"@type\":\"Organization\",\"@id\":\"https:\/\/primatech.ro\/#organization\",\"name\":\"Primatech\",\"url\":\"https:\/\/primatech.ro\/\",\"logo\":{\"@type\":\"ImageObject\",\"inLanguage\":\"ro-RO\",\"@id\":\"https:\/\/primatech.ro\/#\/schema\/logo\/image\/\",\"url\":\"https:\/\/primatech.ro\/wp-content\/uploads\/2022\/10\/cropped-logo-1.png\",\"contentUrl\":\"https:\/\/primatech.ro\/wp-content\/uploads\/2022\/10\/cropped-logo-1.png\",\"width\":504,\"height\":125,\"caption\":\"Primatech\"},\"image\":{\"@id\":\"https:\/\/primatech.ro\/#\/schema\/logo\/image\/\"}}]}<\/script>\n<!-- \/ Yoast SEO plugin. -->","yoast_head_json":{"title":"Istoric - Primatech","robots":{"index":"index","follow":"follow","max-snippet":"max-snippet:-1","max-image-preview":"max-image-preview:large","max-video-preview":"max-video-preview:-1"},"canonical":"https:\/\/primatech.ro\/?page_id=987701","og_locale":"ro_RO","og_type":"article","og_title":"Istoric - Primatech","og_description":"Evenimente importante din existen\u021ba Primatech 2022 Medalia de Aur Ecovadis &#8211; pentru realizarile noastre in ceea ce priveste Responsabilitatea Sociala Corporativa (CSR), la evaluarea realizata de Ecovadis. Suntem in primele...","og_url":"https:\/\/primatech.ro\/?page_id=987701","og_site_name":"Primatech","article_modified_time":"2023-07-28T07:55:02+00:00","twitter_card":"summary_large_image","schema":{"@context":"https:\/\/schema.org","@graph":[{"@type":"WebPage","@id":"https:\/\/primatech.ro\/?page_id=987701","url":"https:\/\/primatech.ro\/?page_id=987701","name":"Istoric - Primatech","isPartOf":{"@id":"https:\/\/primatech.ro\/#website"},"datePublished":"2022-10-28T13:26:52+00:00","dateModified":"2023-07-28T07:55:02+00:00","breadcrumb":{"@id":"https:\/\/primatech.ro\/?page_id=987701#breadcrumb"},"inLanguage":"ro-RO","potentialAction":[{"@type":"ReadAction","target":["https:\/\/primatech.ro\/?page_id=987701"]}]},{"@type":"BreadcrumbList","@id":"https:\/\/primatech.ro\/?page_id=987701#breadcrumb","itemListElement":[{"@type":"ListItem","position":1,"name":"Home","item":"https:\/\/primatech.ro\/"},{"@type":"ListItem","position":2,"name":"Istoric"}]},{"@type":"WebSite","@id":"https:\/\/primatech.ro\/#website","url":"https:\/\/primatech.ro\/","name":"Primatech","description":"","publisher":{"@id":"https:\/\/primatech.ro\/#organization"},"potentialAction":[{"@type":"SearchAction","target":{"@type":"EntryPoint","urlTemplate":"https:\/\/primatech.ro\/?s={search_term_string}"},"query-input":"required name=search_term_string"}],"inLanguage":"ro-RO"},{"@type":"Organization","@id":"https:\/\/primatech.ro\/#organization","name":"Primatech","url":"https:\/\/primatech.ro\/","logo":{"@type":"ImageObject","inLanguage":"ro-RO","@id":"https:\/\/primatech.ro\/#\/schema\/logo\/image\/","url":"https:\/\/primatech.ro\/wp-content\/uploads\/2022\/10\/cropped-logo-1.png","contentUrl":"https:\/\/primatech.ro\/wp-content\/uploads\/2022\/10\/cropped-logo-1.png","width":504,"height":125,"caption":"Primatech"},"image":{"@id":"https:\/\/primatech.ro\/#\/schema\/logo\/image\/"}}]}},"jetpack_sharing_enabled":true,"_links":{"self":[{"href":"https:\/\/primatech.ro\/index.php?rest_route=\/wp\/v2\/pages\/987701"}],"collection":[{"href":"https:\/\/primatech.ro\/index.php?rest_route=\/wp\/v2\/pages"}],"about":[{"href":"https:\/\/primatech.ro\/index.php?rest_route=\/wp\/v2\/types\/page"}],"author":[{"embeddable":true,"href":"https:\/\/primatech.ro\/index.php?rest_route=\/wp\/v2\/users\/1"}],"replies":[{"embeddable":true,"href":"https:\/\/primatech.ro\/index.php?rest_route=%2Fwp%2Fv2%2Fcomments&post=987701"}],"version-history":[{"count":11,"href":"https:\/\/primatech.ro\/index.php?rest_route=\/wp\/v2\/pages\/987701\/revisions"}],"predecessor-version":[{"id":988533,"href":"https:\/\/primatech.ro\/index.php?rest_route=\/wp\/v2\/pages\/987701\/revisions\/988533"}],"wp:attachment":[{"href":"https:\/\/primatech.ro\/index.php?rest_route=%2Fwp%2Fv2%2Fmedia&parent=987701"}],"curies":[{"name":"wp","href":"https:\/\/api.w.org\/{rel}","templated":true}]}}