{"id":11412,"date":"2022-10-31T11:22:00","date_gmt":"2022-10-31T09:22:00","guid":{"rendered":"https:\/\/consulting.vamtam.com\/?page_id=11412"},"modified":"2023-11-24T13:43:29","modified_gmt":"2023-11-24T11:43:29","slug":"contact","status":"publish","type":"page","link":"https:\/\/primatech.ro\/?page_id=11412","title":{"rendered":"Contact"},"content":{"rendered":"<div class=\"vgblk-rw-wrapper limit-wrapper\">\n\n\t<h4><strong>V\u0103 mul\u021bumim pentru interesul acordat.<\/strong><\/h4>\n<h5>\u00cen cazul \u00een care ave\u021bi nevoie de informa\u021bii suplimentare v\u0103 rug\u0103m s\u0103 completa\u021bi urm\u0103torul formular iar noi v\u0103 vom contacta \u00een cel mai scurt timp.<\/h5>\n    Notice: JavaScript is required for this content.\n        <!-- TODO: Move to Template File. -->\n\t\t<iframe src=\"https:\/\/maps.google.com\/maps?q=Primatech%2C+Baia+Mare%2C+Avram+Iancu+nr.+29&#038;iwloc=near&#038;output=embed\" height=\"430\" frameborder=\"0\" loading=\"lazy\"><\/iframe>\n\n<\/div><!-- .vgblk-rw-wrapper -->","protected":false},"excerpt":{"rendered":"<p>V\u0103 mul\u021bumim pentru interesul acordat. \u00cen cazul \u00een care ave\u021bi nevoie de informa\u021bii suplimentare v\u0103 rug\u0103m s\u0103 completa\u021bi urm\u0103torul formular iar noi v\u0103 vom contacta \u00een cel mai scurt timp&#8230;.<\/p>\n","protected":false},"author":1,"featured_media":0,"parent":0,"menu_order":0,"comment_status":"closed","ping_status":"closed","template":"","meta":{"inline_featured_image":false,"footnotes":""},"yoast_head":"<!-- This site is optimized with the Yoast SEO plugin v22.1 - https:\/\/yoast.com\/wordpress\/plugins\/seo\/ -->\n<title>Contact - Primatech<\/title>\n<meta name=\"robots\" content=\"index, follow, max-snippet:-1, max-image-preview:large, max-video-preview:-1\" \/>\n<link rel=\"canonical\" href=\"https:\/\/primatech.ro\/?page_id=11412\" \/>\n<meta property=\"og:locale\" content=\"ro_RO\" \/>\n<meta property=\"og:type\" content=\"article\" \/>\n<meta property=\"og:title\" content=\"Contact - Primatech\" \/>\n<meta property=\"og:description\" content=\"V\u0103 mul\u021bumim pentru interesul acordat. \u00cen cazul \u00een care ave\u021bi nevoie de informa\u021bii suplimentare v\u0103 rug\u0103m s\u0103 completa\u021bi urm\u0103torul formular iar noi v\u0103 vom contacta \u00een cel mai scurt timp....\" \/>\n<meta property=\"og:url\" content=\"https:\/\/primatech.ro\/?page_id=11412\" \/>\n<meta property=\"og:site_name\" content=\"Primatech\" \/>\n<meta property=\"article:modified_time\" content=\"2023-11-24T11:43:29+00:00\" \/>\n<meta name=\"twitter:card\" content=\"summary_large_image\" \/>\n<meta name=\"twitter:label1\" content=\"Timp estimat pentru citire\" \/>\n\t<meta name=\"twitter:data1\" content=\"1 minut\" \/>\n<script type=\"application\/ld+json\" class=\"yoast-schema-graph\">{\"@context\":\"https:\/\/schema.org\",\"@graph\":[{\"@type\":\"WebPage\",\"@id\":\"https:\/\/primatech.ro\/?page_id=11412\",\"url\":\"https:\/\/primatech.ro\/?page_id=11412\",\"name\":\"Contact - Primatech\",\"isPartOf\":{\"@id\":\"https:\/\/primatech.ro\/#website\"},\"datePublished\":\"2022-10-31T09:22:00+00:00\",\"dateModified\":\"2023-11-24T11:43:29+00:00\",\"breadcrumb\":{\"@id\":\"https:\/\/primatech.ro\/?page_id=11412#breadcrumb\"},\"inLanguage\":\"ro-RO\",\"potentialAction\":[{\"@type\":\"ReadAction\",\"target\":[\"https:\/\/primatech.ro\/?page_id=11412\"]}]},{\"@type\":\"BreadcrumbList\",\"@id\":\"https:\/\/primatech.ro\/?page_id=11412#breadcrumb\",\"itemListElement\":[{\"@type\":\"ListItem\",\"position\":1,\"name\":\"Home\",\"item\":\"https:\/\/primatech.ro\/\"},{\"@type\":\"ListItem\",\"position\":2,\"name\":\"Contact\"}]},{\"@type\":\"WebSite\",\"@id\":\"https:\/\/primatech.ro\/#website\",\"url\":\"https:\/\/primatech.ro\/\",\"name\":\"Primatech\",\"description\":\"\",\"publisher\":{\"@id\":\"https:\/\/primatech.ro\/#organization\"},\"potentialAction\":[{\"@type\":\"SearchAction\",\"target\":{\"@type\":\"EntryPoint\",\"urlTemplate\":\"https:\/\/primatech.ro\/?s={search_term_string}\"},\"query-input\":\"required name=search_term_string\"}],\"inLanguage\":\"ro-RO\"},{\"@type\":\"Organization\",\"@id\":\"https:\/\/primatech.ro\/#organization\",\"name\":\"Primatech\",\"url\":\"https:\/\/primatech.ro\/\",\"logo\":{\"@type\":\"ImageObject\",\"inLanguage\":\"ro-RO\",\"@id\":\"https:\/\/primatech.ro\/#\/schema\/logo\/image\/\",\"url\":\"https:\/\/primatech.ro\/wp-content\/uploads\/2022\/10\/cropped-logo-1.png\",\"contentUrl\":\"https:\/\/primatech.ro\/wp-content\/uploads\/2022\/10\/cropped-logo-1.png\",\"width\":504,\"height\":125,\"caption\":\"Primatech\"},\"image\":{\"@id\":\"https:\/\/primatech.ro\/#\/schema\/logo\/image\/\"}}]}<\/script>\n<!-- \/ Yoast SEO plugin. -->","yoast_head_json":{"title":"Contact - Primatech","robots":{"index":"index","follow":"follow","max-snippet":"max-snippet:-1","max-image-preview":"max-image-preview:large","max-video-preview":"max-video-preview:-1"},"canonical":"https:\/\/primatech.ro\/?page_id=11412","og_locale":"ro_RO","og_type":"article","og_title":"Contact - Primatech","og_description":"V\u0103 mul\u021bumim pentru interesul acordat. \u00cen cazul \u00een care ave\u021bi nevoie de informa\u021bii suplimentare v\u0103 rug\u0103m s\u0103 completa\u021bi urm\u0103torul formular iar noi v\u0103 vom contacta \u00een cel mai scurt timp....","og_url":"https:\/\/primatech.ro\/?page_id=11412","og_site_name":"Primatech","article_modified_time":"2023-11-24T11:43:29+00:00","twitter_card":"summary_large_image","twitter_misc":{"Timp estimat pentru citire":"1 minut"},"schema":{"@context":"https:\/\/schema.org","@graph":[{"@type":"WebPage","@id":"https:\/\/primatech.ro\/?page_id=11412","url":"https:\/\/primatech.ro\/?page_id=11412","name":"Contact - Primatech","isPartOf":{"@id":"https:\/\/primatech.ro\/#website"},"datePublished":"2022-10-31T09:22:00+00:00","dateModified":"2023-11-24T11:43:29+00:00","breadcrumb":{"@id":"https:\/\/primatech.ro\/?page_id=11412#breadcrumb"},"inLanguage":"ro-RO","potentialAction":[{"@type":"ReadAction","target":["https:\/\/primatech.ro\/?page_id=11412"]}]},{"@type":"BreadcrumbList","@id":"https:\/\/primatech.ro\/?page_id=11412#breadcrumb","itemListElement":[{"@type":"ListItem","position":1,"name":"Home","item":"https:\/\/primatech.ro\/"},{"@type":"ListItem","position":2,"name":"Contact"}]},{"@type":"WebSite","@id":"https:\/\/primatech.ro\/#website","url":"https:\/\/primatech.ro\/","name":"Primatech","description":"","publisher":{"@id":"https:\/\/primatech.ro\/#organization"},"potentialAction":[{"@type":"SearchAction","target":{"@type":"EntryPoint","urlTemplate":"https:\/\/primatech.ro\/?s={search_term_string}"},"query-input":"required name=search_term_string"}],"inLanguage":"ro-RO"},{"@type":"Organization","@id":"https:\/\/primatech.ro\/#organization","name":"Primatech","url":"https:\/\/primatech.ro\/","logo":{"@type":"ImageObject","inLanguage":"ro-RO","@id":"https:\/\/primatech.ro\/#\/schema\/logo\/image\/","url":"https:\/\/primatech.ro\/wp-content\/uploads\/2022\/10\/cropped-logo-1.png","contentUrl":"https:\/\/primatech.ro\/wp-content\/uploads\/2022\/10\/cropped-logo-1.png","width":504,"height":125,"caption":"Primatech"},"image":{"@id":"https:\/\/primatech.ro\/#\/schema\/logo\/image\/"}}]}},"jetpack_sharing_enabled":true,"_links":{"self":[{"href":"https:\/\/primatech.ro\/index.php?rest_route=\/wp\/v2\/pages\/11412"}],"collection":[{"href":"https:\/\/primatech.ro\/index.php?rest_route=\/wp\/v2\/pages"}],"about":[{"href":"https:\/\/primatech.ro\/index.php?rest_route=\/wp\/v2\/types\/page"}],"author":[{"embeddable":true,"href":"https:\/\/primatech.ro\/index.php?rest_route=\/wp\/v2\/users\/1"}],"replies":[{"embeddable":true,"href":"https:\/\/primatech.ro\/index.php?rest_route=%2Fwp%2Fv2%2Fcomments&post=11412"}],"version-history":[{"count":8,"href":"https:\/\/primatech.ro\/index.php?rest_route=\/wp\/v2\/pages\/11412\/revisions"}],"predecessor-version":[{"id":988092,"href":"https:\/\/primatech.ro\/index.php?rest_route=\/wp\/v2\/pages\/11412\/revisions\/988092"}],"wp:attachment":[{"href":"https:\/\/primatech.ro\/index.php?rest_route=%2Fwp%2Fv2%2Fmedia&parent=11412"}],"curies":[{"name":"wp","href":"https:\/\/api.w.org\/{rel}","templated":true}]}}